{"id":142,"date":"2026-02-01T17:27:23","date_gmt":"2026-02-01T16:27:23","guid":{"rendered":"https:\/\/agirensemblepourbeauchamp.fr\/?page_id=142"},"modified":"2026-02-01T17:42:05","modified_gmt":"2026-02-01T16:42:05","slug":"zoom-sur-lurbanisme-et-la-securite","status":"publish","type":"page","link":"https:\/\/agirensemblepourbeauchamp.fr\/index.php\/publications\/zoom-sur-lurbanisme-et-la-securite\/","title":{"rendered":"Zoom sur l&rsquo;urbanisme et la s\u00e9curit\u00e9"},"content":{"rendered":"\n<div data-wp-interactive=\"core\/file\" class=\"wp-block-file\"><object data-wp-bind--hidden=\"!state.hasPdfPreview\" hidden class=\"wp-block-file__embed\" data=\"https:\/\/agirensemblepourbeauchamp.fr\/wp-content\/uploads\/2026\/02\/AEPB-tract-n\u00b02.pdf\" type=\"application\/pdf\" style=\"width:100%;height:900px\" aria-label=\"Contenu embarqu\u00e9 AEPB - Zoom sur l&apos;urbanisme et la s\u00e9curit\u00e9.\"><\/object><a id=\"wp-block-file--media-c6efa8f8-a08b-47aa-b3e8-e78ec10e1883\" href=\"https:\/\/agirensemblepourbeauchamp.fr\/wp-content\/uploads\/2026\/02\/AEPB-tract-n\u00b02.pdf\">AEPB &#8211; Zoom sur l&rsquo;urbanisme et la s\u00e9curit\u00e9<\/a><a href=\"https:\/\/agirensemblepourbeauchamp.fr\/wp-content\/uploads\/2026\/02\/AEPB-tract-n\u00b02.pdf\" class=\"wp-block-file__button wp-element-button\" download aria-describedby=\"wp-block-file--media-c6efa8f8-a08b-47aa-b3e8-e78ec10e1883\">T\u00e9l\u00e9charger<\/a><\/div>\n","protected":false},"excerpt":{"rendered":"","protected":false},"author":1,"featured_media":0,"parent":154,"menu_order":0,"comment_status":"closed","ping_status":"closed","template":"","meta":{"footnotes":""},"class_list":["post-142","page","type-page","status-publish","hentry"],"_links":{"self":[{"href":"https:\/\/agirensemblepourbeauchamp.fr\/index.php\/wp-json\/wp\/v2\/pages\/142","targetHints":{"allow":["GET"]}}],"collection":[{"href":"https:\/\/agirensemblepourbeauchamp.fr\/index.php\/wp-json\/wp\/v2\/pages"}],"about":[{"href":"https:\/\/agirensemblepourbeauchamp.fr\/index.php\/wp-json\/wp\/v2\/types\/page"}],"author":[{"embeddable":true,"href":"https:\/\/agirensemblepourbeauchamp.fr\/index.php\/wp-json\/wp\/v2\/users\/1"}],"replies":[{"embeddable":true,"href":"https:\/\/agirensemblepourbeauchamp.fr\/index.php\/wp-json\/wp\/v2\/comments?post=142"}],"version-history":[{"count":1,"href":"https:\/\/agirensemblepourbeauchamp.fr\/index.php\/wp-json\/wp\/v2\/pages\/142\/revisions"}],"predecessor-version":[{"id":144,"href":"https:\/\/agirensemblepourbeauchamp.fr\/index.php\/wp-json\/wp\/v2\/pages\/142\/revisions\/144"}],"up":[{"embeddable":true,"href":"https:\/\/agirensemblepourbeauchamp.fr\/index.php\/wp-json\/wp\/v2\/pages\/154"}],"wp:attachment":[{"href":"https:\/\/agirensemblepourbeauchamp.fr\/index.php\/wp-json\/wp\/v2\/media?parent=142"}],"curies":[{"name":"wp","href":"https:\/\/api.w.org\/{rel}","templated":true}]}}