{"id":53,"date":"2025-11-28T22:24:12","date_gmt":"2025-11-28T21:24:12","guid":{"rendered":"https:\/\/agirensemblepourbeauchamp.fr\/?page_id=53"},"modified":"2026-02-01T19:12:54","modified_gmt":"2026-02-01T18:12:54","slug":"bilan-2020-2026","status":"publish","type":"page","link":"https:\/\/agirensemblepourbeauchamp.fr\/index.php\/bilan-2020-2026\/","title":{"rendered":"Notre bilan 2020-2026"},"content":{"rendered":"\n<figure class=\"wp-block-gallery has-nested-images columns-default is-cropped wp-block-gallery-1 is-layout-flex wp-block-gallery-is-layout-flex\">\n<figure class=\"wp-block-image size-large\"><a href=\"https:\/\/agirensemblepourbeauchamp.fr\/index.php\/bilan-2020-2026\/2020-2026-finances\/\"><img loading=\"lazy\" decoding=\"async\" width=\"1024\" height=\"1024\" data-id=\"122\" src=\"https:\/\/agirensemblepourbeauchamp.fr\/wp-content\/uploads\/2026\/02\/01-Finances.jpeg\" alt=\"\" class=\"wp-image-122\" srcset=\"https:\/\/agirensemblepourbeauchamp.fr\/wp-content\/uploads\/2026\/02\/01-Finances.jpeg 1024w, https:\/\/agirensemblepourbeauchamp.fr\/wp-content\/uploads\/2026\/02\/01-Finances-300x300.jpeg 300w, https:\/\/agirensemblepourbeauchamp.fr\/wp-content\/uploads\/2026\/02\/01-Finances-150x150.jpeg 150w, https:\/\/agirensemblepourbeauchamp.fr\/wp-content\/uploads\/2026\/02\/01-Finances-768x768.jpeg 768w\" sizes=\"auto, (max-width: 1024px) 100vw, 1024px\" \/><\/a><figcaption class=\"wp-element-caption\">Finances<\/figcaption><\/figure>\n\n\n\n<figure class=\"wp-block-image size-large\"><a href=\"https:\/\/agirensemblepourbeauchamp.fr\/index.php\/bilan-2020-2026\/2020-2026-urbanisme-et-cadre-de-vie\/\"><img loading=\"lazy\" decoding=\"async\" width=\"1024\" height=\"1024\" data-id=\"123\" src=\"https:\/\/agirensemblepourbeauchamp.fr\/wp-content\/uploads\/2026\/02\/02-Urbanisme-et-cadre-de-vie.jpeg\" alt=\"\" class=\"wp-image-123\" srcset=\"https:\/\/agirensemblepourbeauchamp.fr\/wp-content\/uploads\/2026\/02\/02-Urbanisme-et-cadre-de-vie.jpeg 1024w, https:\/\/agirensemblepourbeauchamp.fr\/wp-content\/uploads\/2026\/02\/02-Urbanisme-et-cadre-de-vie-300x300.jpeg 300w, https:\/\/agirensemblepourbeauchamp.fr\/wp-content\/uploads\/2026\/02\/02-Urbanisme-et-cadre-de-vie-150x150.jpeg 150w, https:\/\/agirensemblepourbeauchamp.fr\/wp-content\/uploads\/2026\/02\/02-Urbanisme-et-cadre-de-vie-768x768.jpeg 768w\" sizes=\"auto, (max-width: 1024px) 100vw, 1024px\" \/><\/a><figcaption class=\"wp-element-caption\">Urbanisme et cadre de vie<\/figcaption><\/figure>\n\n\n\n<figure class=\"wp-block-image size-large\"><a href=\"https:\/\/agirensemblepourbeauchamp.fr\/index.php\/bilan-2020-2026\/2020-2026-environnement-et-developpement-durable\/\"><img loading=\"lazy\" decoding=\"async\" width=\"1024\" height=\"1024\" data-id=\"124\" src=\"https:\/\/agirensemblepourbeauchamp.fr\/wp-content\/uploads\/2026\/02\/03-Environnement-et-developpement-durable.jpeg\" alt=\"\" class=\"wp-image-124\" srcset=\"https:\/\/agirensemblepourbeauchamp.fr\/wp-content\/uploads\/2026\/02\/03-Environnement-et-developpement-durable.jpeg 1024w, https:\/\/agirensemblepourbeauchamp.fr\/wp-content\/uploads\/2026\/02\/03-Environnement-et-developpement-durable-300x300.jpeg 300w, https:\/\/agirensemblepourbeauchamp.fr\/wp-content\/uploads\/2026\/02\/03-Environnement-et-developpement-durable-150x150.jpeg 150w, https:\/\/agirensemblepourbeauchamp.fr\/wp-content\/uploads\/2026\/02\/03-Environnement-et-developpement-durable-768x768.jpeg 768w\" sizes=\"auto, (max-width: 1024px) 100vw, 1024px\" \/><\/a><figcaption class=\"wp-element-caption\">Environnement et d\u00e9veloppement durable<\/figcaption><\/figure>\n\n\n\n<figure class=\"wp-block-image size-large\"><a href=\"https:\/\/agirensemblepourbeauchamp.fr\/index.php\/bilan-2020-2026\/2020-2026-securite-et-mobilites\/\"><img loading=\"lazy\" decoding=\"async\" width=\"1024\" height=\"1024\" data-id=\"125\" src=\"https:\/\/agirensemblepourbeauchamp.fr\/wp-content\/uploads\/2026\/02\/04-Securite-Mobilites.jpeg\" alt=\"\" class=\"wp-image-125\" srcset=\"https:\/\/agirensemblepourbeauchamp.fr\/wp-content\/uploads\/2026\/02\/04-Securite-Mobilites.jpeg 1024w, https:\/\/agirensemblepourbeauchamp.fr\/wp-content\/uploads\/2026\/02\/04-Securite-Mobilites-300x300.jpeg 300w, https:\/\/agirensemblepourbeauchamp.fr\/wp-content\/uploads\/2026\/02\/04-Securite-Mobilites-150x150.jpeg 150w, https:\/\/agirensemblepourbeauchamp.fr\/wp-content\/uploads\/2026\/02\/04-Securite-Mobilites-768x768.jpeg 768w\" sizes=\"auto, (max-width: 1024px) 100vw, 1024px\" \/><\/a><figcaption class=\"wp-element-caption\">S\u00e9curit\u00e9 et mobilit\u00e9s<\/figcaption><\/figure>\n\n\n\n<figure class=\"wp-block-image size-large\"><a href=\"https:\/\/agirensemblepourbeauchamp.fr\/index.php\/bilan-2020-2026\/2020-2026-equipements-et-espaces-publics\/\"><img loading=\"lazy\" decoding=\"async\" width=\"1024\" height=\"1024\" data-id=\"126\" src=\"https:\/\/agirensemblepourbeauchamp.fr\/wp-content\/uploads\/2026\/02\/05-Equipements-et-espaces-publics.jpeg\" alt=\"\" class=\"wp-image-126\" srcset=\"https:\/\/agirensemblepourbeauchamp.fr\/wp-content\/uploads\/2026\/02\/05-Equipements-et-espaces-publics.jpeg 1024w, https:\/\/agirensemblepourbeauchamp.fr\/wp-content\/uploads\/2026\/02\/05-Equipements-et-espaces-publics-300x300.jpeg 300w, https:\/\/agirensemblepourbeauchamp.fr\/wp-content\/uploads\/2026\/02\/05-Equipements-et-espaces-publics-150x150.jpeg 150w, https:\/\/agirensemblepourbeauchamp.fr\/wp-content\/uploads\/2026\/02\/05-Equipements-et-espaces-publics-768x768.jpeg 768w\" sizes=\"auto, (max-width: 1024px) 100vw, 1024px\" \/><\/a><figcaption class=\"wp-element-caption\">Equipements et espaces publics<\/figcaption><\/figure>\n\n\n\n<figure class=\"wp-block-image size-large\"><a href=\"https:\/\/agirensemblepourbeauchamp.fr\/index.php\/bilan-2020-2026\/2020-2026-vie-scolaire\/\"><img loading=\"lazy\" decoding=\"async\" width=\"1024\" height=\"1024\" data-id=\"127\" src=\"https:\/\/agirensemblepourbeauchamp.fr\/wp-content\/uploads\/2026\/02\/06-Vie-scolaire.jpeg\" alt=\"\" class=\"wp-image-127\" srcset=\"https:\/\/agirensemblepourbeauchamp.fr\/wp-content\/uploads\/2026\/02\/06-Vie-scolaire.jpeg 1024w, https:\/\/agirensemblepourbeauchamp.fr\/wp-content\/uploads\/2026\/02\/06-Vie-scolaire-300x300.jpeg 300w, https:\/\/agirensemblepourbeauchamp.fr\/wp-content\/uploads\/2026\/02\/06-Vie-scolaire-150x150.jpeg 150w, https:\/\/agirensemblepourbeauchamp.fr\/wp-content\/uploads\/2026\/02\/06-Vie-scolaire-768x768.jpeg 768w\" sizes=\"auto, (max-width: 1024px) 100vw, 1024px\" \/><\/a><figcaption class=\"wp-element-caption\">Vie scolaire<\/figcaption><\/figure>\n\n\n\n<figure class=\"wp-block-image size-large\"><a href=\"https:\/\/agirensemblepourbeauchamp.fr\/index.php\/bilan-2020-2026\/2020-2026-solidarites\/\"><img loading=\"lazy\" decoding=\"async\" width=\"1024\" height=\"1024\" data-id=\"128\" src=\"https:\/\/agirensemblepourbeauchamp.fr\/wp-content\/uploads\/2026\/02\/07-Solidarites.jpeg\" alt=\"\" class=\"wp-image-128\" srcset=\"https:\/\/agirensemblepourbeauchamp.fr\/wp-content\/uploads\/2026\/02\/07-Solidarites.jpeg 1024w, https:\/\/agirensemblepourbeauchamp.fr\/wp-content\/uploads\/2026\/02\/07-Solidarites-300x300.jpeg 300w, https:\/\/agirensemblepourbeauchamp.fr\/wp-content\/uploads\/2026\/02\/07-Solidarites-150x150.jpeg 150w, https:\/\/agirensemblepourbeauchamp.fr\/wp-content\/uploads\/2026\/02\/07-Solidarites-768x768.jpeg 768w\" sizes=\"auto, (max-width: 1024px) 100vw, 1024px\" \/><\/a><figcaption class=\"wp-element-caption\">Solidarit\u00e9s<\/figcaption><\/figure>\n\n\n\n<figure class=\"wp-block-image size-large\"><a href=\"https:\/\/agirensemblepourbeauchamp.fr\/index.php\/bilan-2020-2026\/2020-2026-familles\/\"><img loading=\"lazy\" decoding=\"async\" width=\"1024\" height=\"1024\" data-id=\"129\" src=\"https:\/\/agirensemblepourbeauchamp.fr\/wp-content\/uploads\/2026\/02\/08-Familles.jpeg\" alt=\"\" class=\"wp-image-129\" srcset=\"https:\/\/agirensemblepourbeauchamp.fr\/wp-content\/uploads\/2026\/02\/08-Familles.jpeg 1024w, https:\/\/agirensemblepourbeauchamp.fr\/wp-content\/uploads\/2026\/02\/08-Familles-300x300.jpeg 300w, https:\/\/agirensemblepourbeauchamp.fr\/wp-content\/uploads\/2026\/02\/08-Familles-150x150.jpeg 150w, https:\/\/agirensemblepourbeauchamp.fr\/wp-content\/uploads\/2026\/02\/08-Familles-768x768.jpeg 768w\" sizes=\"auto, (max-width: 1024px) 100vw, 1024px\" \/><\/a><figcaption class=\"wp-element-caption\">Familles<\/figcaption><\/figure>\n\n\n\n<figure class=\"wp-block-image size-large\"><a href=\"https:\/\/agirensemblepourbeauchamp.fr\/index.php\/bilan-2020-2026\/2020-2026-economie-locale\/\"><img loading=\"lazy\" decoding=\"async\" width=\"1024\" height=\"1024\" data-id=\"166\" src=\"https:\/\/agirensemblepourbeauchamp.fr\/wp-content\/uploads\/2026\/02\/09-Economie-locale.jpeg\" alt=\"\" class=\"wp-image-166\" srcset=\"https:\/\/agirensemblepourbeauchamp.fr\/wp-content\/uploads\/2026\/02\/09-Economie-locale.jpeg 1024w, https:\/\/agirensemblepourbeauchamp.fr\/wp-content\/uploads\/2026\/02\/09-Economie-locale-300x300.jpeg 300w, https:\/\/agirensemblepourbeauchamp.fr\/wp-content\/uploads\/2026\/02\/09-Economie-locale-150x150.jpeg 150w, https:\/\/agirensemblepourbeauchamp.fr\/wp-content\/uploads\/2026\/02\/09-Economie-locale-768x768.jpeg 768w\" sizes=\"auto, (max-width: 1024px) 100vw, 1024px\" \/><\/a><figcaption class=\"wp-element-caption\">Economie locale<\/figcaption><\/figure>\n\n\n\n<figure class=\"wp-block-image size-large\"><a href=\"https:\/\/agirensemblepourbeauchamp.fr\/index.php\/bilan-2020-2026\/2020-2026-vie-culturelle\/\"><img loading=\"lazy\" decoding=\"async\" width=\"1024\" height=\"1024\" data-id=\"167\" src=\"https:\/\/agirensemblepourbeauchamp.fr\/wp-content\/uploads\/2026\/02\/10-Vie-culturelle.jpeg\" alt=\"\" class=\"wp-image-167\" srcset=\"https:\/\/agirensemblepourbeauchamp.fr\/wp-content\/uploads\/2026\/02\/10-Vie-culturelle.jpeg 1024w, https:\/\/agirensemblepourbeauchamp.fr\/wp-content\/uploads\/2026\/02\/10-Vie-culturelle-300x300.jpeg 300w, https:\/\/agirensemblepourbeauchamp.fr\/wp-content\/uploads\/2026\/02\/10-Vie-culturelle-150x150.jpeg 150w, https:\/\/agirensemblepourbeauchamp.fr\/wp-content\/uploads\/2026\/02\/10-Vie-culturelle-768x768.jpeg 768w\" sizes=\"auto, (max-width: 1024px) 100vw, 1024px\" \/><\/a><figcaption class=\"wp-element-caption\">Vie culturelle<\/figcaption><\/figure>\n\n\n\n<figure class=\"wp-block-image size-large\"><a href=\"https:\/\/agirensemblepourbeauchamp.fr\/index.php\/bilan-2020-2026\/2020-2026-democratie-participative\/\"><img loading=\"lazy\" decoding=\"async\" width=\"1024\" height=\"1024\" data-id=\"169\" src=\"https:\/\/agirensemblepourbeauchamp.fr\/wp-content\/uploads\/2026\/02\/11-Democratie-participative.jpeg\" alt=\"\" class=\"wp-image-169\" srcset=\"https:\/\/agirensemblepourbeauchamp.fr\/wp-content\/uploads\/2026\/02\/11-Democratie-participative.jpeg 1024w, https:\/\/agirensemblepourbeauchamp.fr\/wp-content\/uploads\/2026\/02\/11-Democratie-participative-300x300.jpeg 300w, https:\/\/agirensemblepourbeauchamp.fr\/wp-content\/uploads\/2026\/02\/11-Democratie-participative-150x150.jpeg 150w, https:\/\/agirensemblepourbeauchamp.fr\/wp-content\/uploads\/2026\/02\/11-Democratie-participative-768x768.jpeg 768w\" sizes=\"auto, (max-width: 1024px) 100vw, 1024px\" \/><\/a><figcaption class=\"wp-element-caption\">D\u00e9mocratie participative<\/figcaption><\/figure>\n\n\n\n<figure class=\"wp-block-image size-large\"><a href=\"https:\/\/agirensemblepourbeauchamp.fr\/index.php\/bilan-2020-2026\/2020-2026-vie-associative-et-sport\/\"><img loading=\"lazy\" decoding=\"async\" width=\"1024\" height=\"1024\" data-id=\"170\" src=\"https:\/\/agirensemblepourbeauchamp.fr\/wp-content\/uploads\/2026\/02\/11-Vie-associative-et-sport.jpeg\" alt=\"\" class=\"wp-image-170\" srcset=\"https:\/\/agirensemblepourbeauchamp.fr\/wp-content\/uploads\/2026\/02\/11-Vie-associative-et-sport.jpeg 1024w, https:\/\/agirensemblepourbeauchamp.fr\/wp-content\/uploads\/2026\/02\/11-Vie-associative-et-sport-300x300.jpeg 300w, https:\/\/agirensemblepourbeauchamp.fr\/wp-content\/uploads\/2026\/02\/11-Vie-associative-et-sport-150x150.jpeg 150w, https:\/\/agirensemblepourbeauchamp.fr\/wp-content\/uploads\/2026\/02\/11-Vie-associative-et-sport-768x768.jpeg 768w\" sizes=\"auto, (max-width: 1024px) 100vw, 1024px\" \/><\/a><figcaption class=\"wp-element-caption\">Vie associative et sport<\/figcaption><\/figure>\n\n\n\n<figure class=\"wp-block-image size-large\"><a href=\"https:\/\/agirensemblepourbeauchamp.fr\/index.php\/bilan-2020-2026\/2020-2026-communication-et-numerique\/\"><img loading=\"lazy\" decoding=\"async\" width=\"1024\" height=\"1024\" data-id=\"171\" src=\"https:\/\/agirensemblepourbeauchamp.fr\/wp-content\/uploads\/2026\/02\/12-Communication-et-numerique.jpeg\" alt=\"\" class=\"wp-image-171\" srcset=\"https:\/\/agirensemblepourbeauchamp.fr\/wp-content\/uploads\/2026\/02\/12-Communication-et-numerique.jpeg 1024w, https:\/\/agirensemblepourbeauchamp.fr\/wp-content\/uploads\/2026\/02\/12-Communication-et-numerique-300x300.jpeg 300w, https:\/\/agirensemblepourbeauchamp.fr\/wp-content\/uploads\/2026\/02\/12-Communication-et-numerique-150x150.jpeg 150w, https:\/\/agirensemblepourbeauchamp.fr\/wp-content\/uploads\/2026\/02\/12-Communication-et-numerique-768x768.jpeg 768w\" sizes=\"auto, (max-width: 1024px) 100vw, 1024px\" \/><\/a><figcaption class=\"wp-element-caption\">Communication et num\u00e9rique<\/figcaption><\/figure>\n\n\n\n<figure class=\"wp-block-image size-large\"><a href=\"https:\/\/agirensemblepourbeauchamp.fr\/index.php\/bilan-2020-2026\/2020-2026-animation-ville\/\"><img loading=\"lazy\" decoding=\"async\" width=\"1024\" height=\"1024\" data-id=\"172\" src=\"https:\/\/agirensemblepourbeauchamp.fr\/wp-content\/uploads\/2026\/02\/13-Animation-ville.jpeg\" alt=\"\" class=\"wp-image-172\" srcset=\"https:\/\/agirensemblepourbeauchamp.fr\/wp-content\/uploads\/2026\/02\/13-Animation-ville.jpeg 1024w, https:\/\/agirensemblepourbeauchamp.fr\/wp-content\/uploads\/2026\/02\/13-Animation-ville-300x300.jpeg 300w, https:\/\/agirensemblepourbeauchamp.fr\/wp-content\/uploads\/2026\/02\/13-Animation-ville-150x150.jpeg 150w, https:\/\/agirensemblepourbeauchamp.fr\/wp-content\/uploads\/2026\/02\/13-Animation-ville-768x768.jpeg 768w\" sizes=\"auto, (max-width: 1024px) 100vw, 1024px\" \/><\/a><figcaption class=\"wp-element-caption\">Animation ville<\/figcaption><\/figure>\n<\/figure>\n","protected":false},"excerpt":{"rendered":"","protected":false},"author":1,"featured_media":0,"parent":0,"menu_order":0,"comment_status":"closed","ping_status":"closed","template":"","meta":{"footnotes":""},"class_list":["post-53","page","type-page","status-publish","hentry"],"_links":{"self":[{"href":"https:\/\/agirensemblepourbeauchamp.fr\/index.php\/wp-json\/wp\/v2\/pages\/53","targetHints":{"allow":["GET"]}}],"collection":[{"href":"https:\/\/agirensemblepourbeauchamp.fr\/index.php\/wp-json\/wp\/v2\/pages"}],"about":[{"href":"https:\/\/agirensemblepourbeauchamp.fr\/index.php\/wp-json\/wp\/v2\/types\/page"}],"author":[{"embeddable":true,"href":"https:\/\/agirensemblepourbeauchamp.fr\/index.php\/wp-json\/wp\/v2\/users\/1"}],"replies":[{"embeddable":true,"href":"https:\/\/agirensemblepourbeauchamp.fr\/index.php\/wp-json\/wp\/v2\/comments?post=53"}],"version-history":[{"count":5,"href":"https:\/\/agirensemblepourbeauchamp.fr\/index.php\/wp-json\/wp\/v2\/pages\/53\/revisions"}],"predecessor-version":[{"id":175,"href":"https:\/\/agirensemblepourbeauchamp.fr\/index.php\/wp-json\/wp\/v2\/pages\/53\/revisions\/175"}],"wp:attachment":[{"href":"https:\/\/agirensemblepourbeauchamp.fr\/index.php\/wp-json\/wp\/v2\/media?parent=53"}],"curies":[{"name":"wp","href":"https:\/\/api.w.org\/{rel}","templated":true}]}}