{"id":55,"date":"2025-11-28T22:27:20","date_gmt":"2025-11-28T21:27:20","guid":{"rendered":"https:\/\/agirensemblepourbeauchamp.fr\/?page_id=55"},"modified":"2026-02-01T17:01:55","modified_gmt":"2026-02-01T16:01:55","slug":"2020-2026-finances","status":"publish","type":"page","link":"https:\/\/agirensemblepourbeauchamp.fr\/index.php\/bilan-2020-2026\/2020-2026-finances\/","title":{"rendered":"2020 &#8211; 2026 : Finances"},"content":{"rendered":"\n<p>Notre politique financi\u00e8re du mandat 2020-2026 a \u00e9t\u00e9 caract\u00e9ris\u00e9e par une <strong>gestion saine et rigoureuse<\/strong> visant \u00e0 maintenir l&rsquo;attractivit\u00e9 de la ville tout en assurant son d\u00e9sendettement. Nous avons r\u00e9ussi \u00e0 financer l&rsquo;int\u00e9gralit\u00e9 de notre important programme d&rsquo;investissement <strong>sans avoir recours \u00e0 l&#8217;emprunt<\/strong>, en nous appuyant uniquement sur notre propre capacit\u00e9 d&rsquo;autofinancement. Le d\u00e9sendettement a \u00e9t\u00e9 une priorit\u00e9. En compl\u00e9ment de nos annuit\u00e9s, nous avons <strong>d\u2019ailleurs rembours\u00e9 de mani\u00e8re anticip\u00e9e<\/strong> un pr\u00eat de plus d&rsquo;un million d&rsquo;euros. <\/p>\n\n\n\n<p>En cons\u00e9quence, la dette globale de la ville, h\u00e9rit\u00e9e du pass\u00e9 et courant jusqu&rsquo;en 2037, a connu une baisse significative, pour atteindre 23 millions d&rsquo;euros au 1er janvier 2025. Nous avons pris l&rsquo;engagement de poursuivre le d\u00e9sendettement tout au long du mandat, sans compromettre la modernisation des infrastructures.<\/p>\n\n\n\n<p>Simultan\u00e9ment, nous nous \u00e9tions engag\u00e9s \u00e0 <strong>ne pas augmenter les taux de la part communale des imp\u00f4ts locaux<\/strong>, une politique maintenue depuis notre \u00e9lection en 2017. Les seules \u00e9volutions fiscales enregistr\u00e9es sont li\u00e9es \u00e0 des transferts de fiscalit\u00e9 impos\u00e9s par l&rsquo;\u00c9tat (part d&rsquo;assainissement en 2018, part d\u00e9partementale de la Taxe Fonci\u00e8re en 2021 dans le cadre de la suppression de la Taxe d&rsquo;Habitation). <\/p>\n\n\n\n<p>Un axe essentiel de notre gestion a \u00e9t\u00e9 la recherche et l&rsquo;obtention de financements externes, permettant de s\u00e9curiser une part importante de nos investissements. Gr\u00e2ce au montage de dossiers complexes, la ville a obtenu un total de <strong>5,7 millions d&rsquo;euros de subventions<\/strong> sur la dur\u00e9e du mandat, avec un taux moyen d\u00e9passant les <strong>50%<\/strong> sur les principaux projets. Ces fonds ont permis d&rsquo;autofinancer un programme d&rsquo;investissement ambitieux, comprenant la r\u00e9fection de voiries, la r\u00e9novation du complexe sportif Sandrine Martinet-Auri\u00e8res et l&rsquo;adaptation des \u00e9quipements scolaires.<\/p>\n\n\n\n<p><strong>Chiffres cl\u00e9s<\/strong><\/p>\n\n\n\n<ul class=\"wp-block-list\">\n<li><strong>7,5 M\u20ac<\/strong> : Montant de l&rsquo;<strong>\u00e9pargne disponible<\/strong> au 31 d\u00e9cembre 2024, utilis\u00e9e pour autofinancer le programme d&rsquo;investissement important de la ville.<\/li>\n\n\n\n<li><strong>5,7 M\u20ac<\/strong> : Total des <strong>subventions obtenues<\/strong> sur l&rsquo;ensemble du mandat gr\u00e2ce au montage de dossiers complexes de demandes.<\/li>\n\n\n\n<li><strong>50%<\/strong> : Taux moyen des <strong>subventions obtenues<\/strong> sur les principaux investissements r\u00e9alis\u00e9s, optimisant l&rsquo;utilisation des fonds propres.<\/li>\n\n\n\n<li><strong>-10,5 M\u20ac<\/strong> : Montant de la <strong>baisse de la dette<\/strong> depuis 2017, traduisant l&rsquo;effort de d\u00e9sendettement men\u00e9 par la municipalit\u00e9.<\/li>\n\n\n\n<li><strong>+3 M\u20ac<\/strong> : Am\u00e9lioration de la <strong>tr\u00e9sorerie<\/strong> de la ville depuis 2017, renfor\u00e7ant la capacit\u00e9 \u00e0 financer les investissements futurs.<\/li>\n\n\n\n<li><strong>23 M\u20ac<\/strong> : Dette au 01\/01\/2025, que la majorit\u00e9 s&rsquo;attache \u00e0 r\u00e9duire.<\/li>\n\n\n\n<li><strong>5 M\u20ac<\/strong> : Somme consacr\u00e9e aux <strong>r\u00e9fections de voiries<\/strong> entre 2020 et 2025.<\/li>\n\n\n\n<li><strong>3,5 M\u20ac<\/strong> : Investissement d\u00e9di\u00e9 \u00e0 la <strong>r\u00e9novation du complexe sportif<\/strong> Sandrine Martinet-Auri\u00e8res, achev\u00e9e en 2024.<\/li>\n\n\n\n<li><strong>2 M\u20ac<\/strong> : Montant consacr\u00e9 \u00e0 l&rsquo;<strong>adaptation des \u00e9quipements scolaires<\/strong> \u00e0 partir de 2023.<\/li>\n<\/ul>\n","protected":false},"excerpt":{"rendered":"<p>Notre politique financi\u00e8re du mandat 2020-2026 a \u00e9t\u00e9 caract\u00e9ris\u00e9e par une gestion saine et rigoureuse visant \u00e0 maintenir l&rsquo;attractivit\u00e9 de la ville tout en assurant son d\u00e9sendettement. Nous avons r\u00e9ussi \u00e0 financer l&rsquo;int\u00e9gralit\u00e9 de notre important programme d&rsquo;investissement sans avoir recours \u00e0 l&#8217;emprunt, en nous appuyant uniquement sur notre propre capacit\u00e9 d&rsquo;autofinancement. Le d\u00e9sendettement a [&hellip;]<\/p>\n","protected":false},"author":1,"featured_media":122,"parent":53,"menu_order":0,"comment_status":"closed","ping_status":"closed","template":"","meta":{"footnotes":""},"class_list":["post-55","page","type-page","status-publish","has-post-thumbnail","hentry"],"_links":{"self":[{"href":"https:\/\/agirensemblepourbeauchamp.fr\/index.php\/wp-json\/wp\/v2\/pages\/55","targetHints":{"allow":["GET"]}}],"collection":[{"href":"https:\/\/agirensemblepourbeauchamp.fr\/index.php\/wp-json\/wp\/v2\/pages"}],"about":[{"href":"https:\/\/agirensemblepourbeauchamp.fr\/index.php\/wp-json\/wp\/v2\/types\/page"}],"author":[{"embeddable":true,"href":"https:\/\/agirensemblepourbeauchamp.fr\/index.php\/wp-json\/wp\/v2\/users\/1"}],"replies":[{"embeddable":true,"href":"https:\/\/agirensemblepourbeauchamp.fr\/index.php\/wp-json\/wp\/v2\/comments?post=55"}],"version-history":[{"count":3,"href":"https:\/\/agirensemblepourbeauchamp.fr\/index.php\/wp-json\/wp\/v2\/pages\/55\/revisions"}],"predecessor-version":[{"id":113,"href":"https:\/\/agirensemblepourbeauchamp.fr\/index.php\/wp-json\/wp\/v2\/pages\/55\/revisions\/113"}],"up":[{"embeddable":true,"href":"https:\/\/agirensemblepourbeauchamp.fr\/index.php\/wp-json\/wp\/v2\/pages\/53"}],"wp:featuredmedia":[{"embeddable":true,"href":"https:\/\/agirensemblepourbeauchamp.fr\/index.php\/wp-json\/wp\/v2\/media\/122"}],"wp:attachment":[{"href":"https:\/\/agirensemblepourbeauchamp.fr\/index.php\/wp-json\/wp\/v2\/media?parent=55"}],"curies":[{"name":"wp","href":"https:\/\/api.w.org\/{rel}","templated":true}]}}