{"id":64,"date":"2025-11-29T18:50:06","date_gmt":"2025-11-29T17:50:06","guid":{"rendered":"https:\/\/agirensemblepourbeauchamp.fr\/?page_id=64"},"modified":"2026-02-01T18:42:00","modified_gmt":"2026-02-01T17:42:00","slug":"2020-2026-securite-et-mobilites","status":"publish","type":"page","link":"https:\/\/agirensemblepourbeauchamp.fr\/index.php\/bilan-2020-2026\/2020-2026-securite-et-mobilites\/","title":{"rendered":"2020 &#8211; 2026 : S\u00e9curit\u00e9 et mobilit\u00e9s"},"content":{"rendered":"\n<p>La s\u00e9curit\u00e9 et la tranquillit\u00e9 publique ont \u00e9t\u00e9 des axes prioritaires du mandat, se traduisant par un renforcement des moyens humains et mat\u00e9riels. Nous avons \u00a0renforc\u00e9 les effectifs de la <strong>Police Municipale<\/strong> et proc\u00e9d\u00e9 \u00e0 l&rsquo;acquisition d&rsquo;un b\u00e2timent destin\u00e9 \u00e0 devenir le futur poste de police. L&rsquo;arsenal technologique a \u00e9t\u00e9 modernis\u00e9 avec l\u2019extension de la <strong>vid\u00e9o surveillance<\/strong> et le d\u00e9ploiement de la <strong>vid\u00e9o verbalisation<\/strong>, \u00a0un plan d&rsquo;installation de nouvelles cam\u00e9ras est pr\u00e9vu. En compl\u00e9ment, un dispositif de <strong>participation citoyenne<\/strong> a \u00e9t\u00e9 d\u00e9ploy\u00e9, avec l&rsquo;adh\u00e9sion au programme \u00ab <strong>Voisins Vigilants et Solidaires<\/strong> \u00bb, regroupant plus de 300 adh\u00e9rents, \u00a0l&rsquo;adh\u00e9sion \u00e0 la Police Municipale Mutualis\u00e9e (PMM) intercommunale vient renforcer nos effectifs locaux et assure des patrouilles de nuit . Le poste de police assure \u00e9galement un service de proximit\u00e9 en recevant en moyenne 70 personnes chaque mois.<\/p>\n\n\n\n<p>En mati\u00e8re de mobilit\u00e9s, nous avons mis l\u2019accent sur la <strong>s\u00e9curisation des d\u00e9placements<\/strong> et la gestion du stationnement. La <strong>s\u00e9curit\u00e9 autour des \u00e9coles<\/strong> a \u00e9t\u00e9 renforc\u00e9e par la fermeture aux v\u00e9hicules durant les heures d&rsquo;entr\u00e9e et de sortie, compl\u00e9t\u00e9e par une pr\u00e9sence de la police municipale. Des am\u00e9nagements (plateaux s\u00e9curis\u00e9s, instauration de <strong>zones 30<\/strong>, signalisation renforc\u00e9e) ont \u00e9t\u00e9 r\u00e9alis\u00e9s pour mod\u00e9rer la vitesse sur la voirie, permettant \u00e9galement de relever en moyenne 300 infractions au code de la route chaque mois.<\/p>\n\n\n\n<p>La politique de stationnement a \u00e9t\u00e9 revue pour dynamiser le commerce local et fluidifier le trafic. Ceci s&rsquo;est traduit par la mise en place d&rsquo;une <strong>zone bleue<\/strong> sur des secteurs \u00e0 forte rotation de v\u00e9hicules, notamment pr\u00e8s des commerces, de la gare et du stade municipal, avec un contr\u00f4le assur\u00e9 par les ASVP. Le parking du 155 Chauss\u00e9e Jules C\u00e9sar a \u00e9t\u00e9 enti\u00e8rement r\u00e9nov\u00e9 et v\u00e9g\u00e9talis\u00e9, offrant 52 nouvelles places r\u00e9glement\u00e9es. Enfin, le d\u00e9veloppement de la <strong>mobilit\u00e9 douce<\/strong> est concr\u00e9tis\u00e9 par la r\u00e9alisation d&rsquo;une piste cyclable \u00e0 double sens (le long du bois Barrachin) et par le lancement d&rsquo;un plan v\u00e9lo, incluant l&rsquo;acquisition de v\u00e9los et v\u00e9hicules \u00e9lectriques pour la flotte municipale. Des travaux de voirie majeurs, comme la r\u00e9novation partielle ou compl\u00e8te des avenues Aristide Briand, Foch, Carnot, Moli\u00e8re et des Sapins et le prolongement du chemin de Saint Prix vers la RD411, ont \u00e9galement \u00e9t\u00e9 r\u00e9alis\u00e9s.<\/p>\n\n\n\n<h2 class=\"wp-block-heading\"><strong>Chiffres cl\u00e9s<\/strong><\/h2>\n\n\n\n<ul class=\"wp-block-list\">\n<li><strong>300 +<\/strong> : Nombre d&rsquo;<strong>adh\u00e9rents<\/strong> au dispositif de participation citoyenne \u00ab Voisins Vigilants et Solidaires \u00bb.<\/li>\n\n\n\n<li><strong>300<\/strong> : Nombre d&rsquo;<strong>infractions au code de la route<\/strong> verbalis\u00e9es en moyenne chaque mois par les agents.<\/li>\n\n\n\n<li><strong>52<\/strong> : Nombre de <strong>nouvelles places r\u00e9glement\u00e9es<\/strong> cr\u00e9\u00e9es lors de la r\u00e9novation et v\u00e9g\u00e9talisation du parking du 155 chauss\u00e9e Jules C\u00e9sar, en centre-ville.<\/li>\n\n\n\n<li><strong>13<\/strong> cam\u00e9ras de vid\u00e9oprotection<\/li>\n\n\n\n<li><strong>7 agents<\/strong>, 5 policiers municipaux et 2 ASVP<\/li>\n\n\n\n<li><strong>70<\/strong> : Nombre de personnes re\u00e7ues en moyenne <strong>chaque mois<\/strong> au poste de police, t\u00e9moignant du r\u00f4le de proximit\u00e9.<\/li>\n\n\n\n<li><strong>2<\/strong> : Cr\u00e9ation d&rsquo;une <strong>piste cyclable \u00e0 double sens<\/strong> le long du Bois Barrachin et sur la Chauss\u00e9e Jules C\u00e9sar dans la ZI Ouest.<\/li>\n<\/ul>\n","protected":false},"excerpt":{"rendered":"<p>La s\u00e9curit\u00e9 et la tranquillit\u00e9 publique ont \u00e9t\u00e9 des axes prioritaires du mandat, se traduisant par un renforcement des moyens humains et mat\u00e9riels. Nous avons \u00a0renforc\u00e9 les effectifs de la Police Municipale et proc\u00e9d\u00e9 \u00e0 l&rsquo;acquisition d&rsquo;un b\u00e2timent destin\u00e9 \u00e0 devenir le futur poste de police. L&rsquo;arsenal technologique a \u00e9t\u00e9 modernis\u00e9 avec l\u2019extension de la [&hellip;]<\/p>\n","protected":false},"author":1,"featured_media":125,"parent":53,"menu_order":0,"comment_status":"closed","ping_status":"closed","template":"","meta":{"footnotes":""},"class_list":["post-64","page","type-page","status-publish","has-post-thumbnail","hentry"],"_links":{"self":[{"href":"https:\/\/agirensemblepourbeauchamp.fr\/index.php\/wp-json\/wp\/v2\/pages\/64","targetHints":{"allow":["GET"]}}],"collection":[{"href":"https:\/\/agirensemblepourbeauchamp.fr\/index.php\/wp-json\/wp\/v2\/pages"}],"about":[{"href":"https:\/\/agirensemblepourbeauchamp.fr\/index.php\/wp-json\/wp\/v2\/types\/page"}],"author":[{"embeddable":true,"href":"https:\/\/agirensemblepourbeauchamp.fr\/index.php\/wp-json\/wp\/v2\/users\/1"}],"replies":[{"embeddable":true,"href":"https:\/\/agirensemblepourbeauchamp.fr\/index.php\/wp-json\/wp\/v2\/comments?post=64"}],"version-history":[{"count":3,"href":"https:\/\/agirensemblepourbeauchamp.fr\/index.php\/wp-json\/wp\/v2\/pages\/64\/revisions"}],"predecessor-version":[{"id":78,"href":"https:\/\/agirensemblepourbeauchamp.fr\/index.php\/wp-json\/wp\/v2\/pages\/64\/revisions\/78"}],"up":[{"embeddable":true,"href":"https:\/\/agirensemblepourbeauchamp.fr\/index.php\/wp-json\/wp\/v2\/pages\/53"}],"wp:featuredmedia":[{"embeddable":true,"href":"https:\/\/agirensemblepourbeauchamp.fr\/index.php\/wp-json\/wp\/v2\/media\/125"}],"wp:attachment":[{"href":"https:\/\/agirensemblepourbeauchamp.fr\/index.php\/wp-json\/wp\/v2\/media?parent=64"}],"curies":[{"name":"wp","href":"https:\/\/api.w.org\/{rel}","templated":true}]}}