{"id":67,"date":"2025-11-29T18:55:32","date_gmt":"2025-11-29T17:55:32","guid":{"rendered":"https:\/\/agirensemblepourbeauchamp.fr\/?page_id=67"},"modified":"2026-02-01T18:41:09","modified_gmt":"2026-02-01T17:41:09","slug":"2020-2026-equipements-et-espaces-publics","status":"publish","type":"page","link":"https:\/\/agirensemblepourbeauchamp.fr\/index.php\/bilan-2020-2026\/2020-2026-equipements-et-espaces-publics\/","title":{"rendered":"2020 &#8211; 2026 : \u00c9quipements et espaces publics"},"content":{"rendered":"\n<p>Le mandat 2020-2026 a \u00e9t\u00e9 marqu\u00e9 par la mise en \u0153uvre d&rsquo;un <strong>plan pluriannuel d&rsquo;investissement ambitieux<\/strong> ayant pour objectif de moderniser le patrimoine communal et de cr\u00e9er de nouveaux \u00e9quipements, r\u00e9pondant \u00e0 un besoin de <strong>rattrapage estim\u00e9 \u00e0 20 ans<\/strong>. L&rsquo;am\u00e9lioration de la <strong>performance \u00e9nerg\u00e9tique<\/strong> et l&rsquo;<strong>accessibilit\u00e9<\/strong> pour tous ont constitu\u00e9 les objectifs majeurs de nos projets de r\u00e9novation. L&rsquo;approche a \u00e9t\u00e9 globale, allant de la construction de nouvelles structures \u00e0 la modernisation des b\u00e2timents existants et \u00e0 la requalification des espaces verts<sup>86<\/sup>.<\/p>\n\n\n\n<p>Parmi les r\u00e9alisations phares, la construction de la <strong>Maison des Associations et de la Jeunesse<\/strong> (MAJ) se distingue. Ce nouvel \u00e9quipement va permettre de remplacer deux anciennes structures \u00e9nergivores et d&rsquo;offrir un lieu unique pour la vie associative et les activit\u00e9s destin\u00e9es aux jeunes. <\/p>\n\n\n\n<p>Un investissement de 3,5 millions d&rsquo;euros a \u00e9t\u00e9 consacr\u00e9 \u00e0 la <strong>r\u00e9habilitation du complexe sportif Sandrine Martinet-Auri\u00e8res<\/strong>, 40 ans apr\u00e8s sa construction, dans le but d&rsquo;am\u00e9liorer drastiquement son isolation thermique, ses performances \u00e9nerg\u00e9tiques et son accessibilit\u00e9. <\/p>\n\n\n\n<p>La r\u00e9novation \u00e9nerg\u00e9tique a touch\u00e9 d&rsquo;autres b\u00e2timents communaux, notamment l&rsquo;<strong>H\u00f4tel de Ville<\/strong>. Parall\u00e8lement, la ville a poursuivi la mise en accessibilit\u00e9 de tous ses b\u00e2timents publics. Le volet scolaire a b\u00e9n\u00e9fici\u00e9 de la cr\u00e9ation de nouvelles classes \u00e9l\u00e9mentaires dans le b\u00e2ti existant. <\/p>\n\n\n\n<p>En mati\u00e8re d&rsquo;espaces verts, des actions concr\u00e8tes ont \u00e9t\u00e9 men\u00e9es : am\u00e9nagement et <strong>ouverture au public du Bois Barrachin<\/strong> (5,6 hectares), cr\u00e9ation du <strong>parc du rond-point de la Chasse<\/strong>, et la <strong>v\u00e9g\u00e9talisation des cours d&rsquo;\u00e9cole<\/strong> (maternelles de la Chesnaie et d&rsquo;Anatole France). Nous avons aussi innov\u00e9 dans l&rsquo;am\u00e9nagement des espaces publics en am\u00e9liorant la gestion des eaux pluviales et en augmentant la place du v\u00e9g\u00e9tal. Enfin, la transition vers une ville plus efficace \u00e9nerg\u00e9tiquement a \u00e9t\u00e9 marqu\u00e9e par le passage \u00e0 <strong>100% LED pour l&rsquo;\u00e9clairage public <\/strong>r\u00e9alis\u00e9 par la Commnaut\u00e9 d\u2019Agglom\u00e9ration Val Parisis.<\/p>\n\n\n\n<h2 class=\"wp-block-heading\">Chiffres cl\u00e9s<\/h2>\n\n\n\n<p><strong>Chiffres cl\u00e9s<\/strong><\/p>\n\n\n\n<ul class=\"wp-block-list\">\n<li><strong>-50% d&rsquo;\u00e9nergie consomm\u00e9e<\/strong> pour le chauffage de nos b\u00e2timents.<\/li>\n\n\n\n<li> <strong>3,5 M\u20ac<\/strong> d\u00e9di\u00e9 \u00e0 la <strong>r\u00e9novation du complexe sportif<\/strong> Sandrine Martinet-Auri\u00e8res, ax\u00e9e sur l&rsquo;\u00e9nergie et l&rsquo;accessibilit\u00e9.<\/li>\n\n\n\n<li><strong>100% LED<\/strong> : Proportion de l&rsquo;<strong>\u00e9clairage public<\/strong> converti, illustrant l&rsquo;engagement pour l&rsquo;efficacit\u00e9 \u00e9nerg\u00e9tique.<\/li>\n\n\n\n<li><strong>5,6 hectares<\/strong> : Surface du <strong>Bois Barrachin<\/strong> qui a \u00e9t\u00e9 am\u00e9nag\u00e9 et ouvert au public dans le cadre du centenaire de la commune.<\/li>\n\n\n\n<li><strong>2<\/strong> : Nombre d&rsquo;anciennes structures \u00e9nergivores qui seront remplac\u00e9es par la nouvelle <strong>Maison des Associations et de la Jeunesse<\/strong>.<\/li>\n\n\n\n<li>R\u00e9alisation de la <strong>couverture d&rsquo;un court de tennis<\/strong>, parall\u00e8lement \u00e0 la r\u00e9novation de trois autres<\/li>\n<\/ul>\n","protected":false},"excerpt":{"rendered":"<p>Le mandat 2020-2026 a \u00e9t\u00e9 marqu\u00e9 par la mise en \u0153uvre d&rsquo;un plan pluriannuel d&rsquo;investissement ambitieux ayant pour objectif de moderniser le patrimoine communal et de cr\u00e9er de nouveaux \u00e9quipements, r\u00e9pondant \u00e0 un besoin de rattrapage estim\u00e9 \u00e0 20 ans. L&rsquo;am\u00e9lioration de la performance \u00e9nerg\u00e9tique et l&rsquo;accessibilit\u00e9 pour tous ont constitu\u00e9 les objectifs majeurs de [&hellip;]<\/p>\n","protected":false},"author":1,"featured_media":126,"parent":53,"menu_order":0,"comment_status":"closed","ping_status":"closed","template":"","meta":{"footnotes":""},"class_list":["post-67","page","type-page","status-publish","has-post-thumbnail","hentry"],"_links":{"self":[{"href":"https:\/\/agirensemblepourbeauchamp.fr\/index.php\/wp-json\/wp\/v2\/pages\/67","targetHints":{"allow":["GET"]}}],"collection":[{"href":"https:\/\/agirensemblepourbeauchamp.fr\/index.php\/wp-json\/wp\/v2\/pages"}],"about":[{"href":"https:\/\/agirensemblepourbeauchamp.fr\/index.php\/wp-json\/wp\/v2\/types\/page"}],"author":[{"embeddable":true,"href":"https:\/\/agirensemblepourbeauchamp.fr\/index.php\/wp-json\/wp\/v2\/users\/1"}],"replies":[{"embeddable":true,"href":"https:\/\/agirensemblepourbeauchamp.fr\/index.php\/wp-json\/wp\/v2\/comments?post=67"}],"version-history":[{"count":3,"href":"https:\/\/agirensemblepourbeauchamp.fr\/index.php\/wp-json\/wp\/v2\/pages\/67\/revisions"}],"predecessor-version":[{"id":75,"href":"https:\/\/agirensemblepourbeauchamp.fr\/index.php\/wp-json\/wp\/v2\/pages\/67\/revisions\/75"}],"up":[{"embeddable":true,"href":"https:\/\/agirensemblepourbeauchamp.fr\/index.php\/wp-json\/wp\/v2\/pages\/53"}],"wp:featuredmedia":[{"embeddable":true,"href":"https:\/\/agirensemblepourbeauchamp.fr\/index.php\/wp-json\/wp\/v2\/media\/126"}],"wp:attachment":[{"href":"https:\/\/agirensemblepourbeauchamp.fr\/index.php\/wp-json\/wp\/v2\/media?parent=67"}],"curies":[{"name":"wp","href":"https:\/\/api.w.org\/{rel}","templated":true}]}}