{"id":69,"date":"2025-11-29T18:58:02","date_gmt":"2025-11-29T17:58:02","guid":{"rendered":"https:\/\/agirensemblepourbeauchamp.fr\/?page_id=69"},"modified":"2026-02-01T18:40:41","modified_gmt":"2026-02-01T17:40:41","slug":"2020-2026-environnement-et-developpement-durable","status":"publish","type":"page","link":"https:\/\/agirensemblepourbeauchamp.fr\/index.php\/bilan-2020-2026\/2020-2026-environnement-et-developpement-durable\/","title":{"rendered":"2020 &#8211; 2026 : Environnement et d\u00e9veloppement durable"},"content":{"rendered":"\n<p>Notre action en mati\u00e8re d&rsquo;environnement et de d\u00e9veloppement durable s&rsquo;est articul\u00e9e autour de la volont\u00e9 d&rsquo;acc\u00e9l\u00e9rer la <strong>transition \u00e9cologique locale<\/strong> par des politiques d&rsquo;<strong>efficacit\u00e9 et de sobri\u00e9t\u00e9 \u00e9nerg\u00e9tique<\/strong>, et par le d\u00e9veloppement de la place de la <strong>nature en ville<\/strong>. Notre mandat a vu l&rsquo;\u00e9laboration d&rsquo;un <strong>Agenda 2030<\/strong>, un plan d&rsquo;action visant \u00e0 int\u00e9grer les principes du d\u00e9veloppement durable au niveau communal avec l&rsquo;implication de la population.<\/p>\n\n\n\n<p>L&rsquo;engagement envers la <strong>biodiversit\u00e9<\/strong> a \u00e9t\u00e9 fort. L&rsquo;<strong>ouverture au public du Bois Barrachin<\/strong> (5,6 hectares) apr\u00e8s 70 ans de fermeture est un acte marquant, rendant un espace naturel majeur \u00e0 la population. Pour renforcer la biodiversit\u00e9, un <strong>rucher<\/strong> a \u00e9t\u00e9 cr\u00e9\u00e9 dans le Bois Barrachin, accompagn\u00e9 par l&rsquo;implantation d&rsquo;h\u00f4tels \u00e0 insectes. La gestion des espaces verts a \u00e9volu\u00e9 vers des pratiques plus respectueuses, comme la <strong>fauche tardive<\/strong>.<\/p>\n\n\n\n<p>Dans le b\u00e2ti, l&rsquo;accent a \u00e9t\u00e9 mis sur la <strong>performance \u00e9nerg\u00e9tique<\/strong> et l&rsquo;adaptation au changement climatique. Les nouvelles constructions, comme la Maison des associations et de la jeunesse, int\u00e8grent des <strong>crit\u00e8res environnementaux exigeants<\/strong>. Un effort significatif a \u00e9t\u00e9 fait pour la gestion de l&rsquo;eau, avec le d\u00e9veloppement de la <strong>r\u00e9cup\u00e9ration des eaux de pluie<\/strong> sur les b\u00e2timents communaux. Les projets de <strong>d\u00e9min\u00e9ralisation des cours d&rsquo;\u00e9coles maternelles<\/strong> (La Chesnaie et Anatole France) ont permis de cr\u00e9er des espaces ombrag\u00e9s, d&rsquo;am\u00e9liorer la gestion des eaux pluviales et de reconnecter les enfants \u00e0 la nature.<\/p>\n\n\n\n<p>Nous avons aussi encourag\u00e9 les <strong>comportements responsables<\/strong> au quotidien. La lutte contre le <strong>gaspillage alimentaire<\/strong> au restaurant municipal s&rsquo;est concr\u00e9tis\u00e9e par la sensibilisation des enfants et la <strong>valorisation des biod\u00e9chets<\/strong>. Le concept de l&rsquo;\u00e9conomie circulaire a \u00e9t\u00e9 soutenu par l&rsquo;organisation de <strong>Repair Caf\u00e9<\/strong>, encourageant la r\u00e9paration et la deuxi\u00e8me vie des \u00e9quipements domestiques. Enfin, une politique d&rsquo;<strong>achats responsables<\/strong> a \u00e9t\u00e9 mise en place avec le remplacement progressif des v\u00e9hicules thermiques communaux par des mod\u00e8les \u00e9lectriques et l&rsquo;acquisition de v\u00e9los \u00e9lectriques pour les agents, ainsi que la formation des agents des espaces verts.<\/p>\n\n\n\n<h2 class=\"wp-block-heading\"><strong>Chiffres cl\u00e9s<\/strong><\/h2>\n\n\n\n<ul class=\"wp-block-list\">\n<li><strong>5,6 hectares<\/strong> : Surface du <strong>Bois Barrachin<\/strong> qui a \u00e9t\u00e9 rendu \u00e0 la population dans le cadre du Centenaire de la commune, apr\u00e8s 70 ans de fermeture.<\/li>\n\n\n\n<li><strong>2<\/strong> : Nombre d&rsquo;\u00e9coles maternelles (Chesnaie et Anatole France) dont les <strong>cours ont \u00e9t\u00e9 d\u00e9min\u00e9ralis\u00e9es<\/strong> et v\u00e9g\u00e9talis\u00e9es.<\/li>\n\n\n\n<li><strong>1<\/strong> : Cr\u00e9ation d&rsquo;un <strong>rucher<\/strong> au bois Barrachin, en plus de l&rsquo;implantation d&rsquo;h\u00f4tels \u00e0 insectes, pour la pr\u00e9servation de la biodiversit\u00e9.<\/li>\n\n\n\n<li><strong>100% LED<\/strong> : Proportion de l&rsquo;\u00e9clairage public converti, marquant un gain d&rsquo;efficacit\u00e9 \u00e9nerg\u00e9tique.<\/li>\n<\/ul>\n","protected":false},"excerpt":{"rendered":"<p>Notre action en mati\u00e8re d&rsquo;environnement et de d\u00e9veloppement durable s&rsquo;est articul\u00e9e autour de la volont\u00e9 d&rsquo;acc\u00e9l\u00e9rer la transition \u00e9cologique locale par des politiques d&rsquo;efficacit\u00e9 et de sobri\u00e9t\u00e9 \u00e9nerg\u00e9tique, et par le d\u00e9veloppement de la place de la nature en ville. Notre mandat a vu l&rsquo;\u00e9laboration d&rsquo;un Agenda 2030, un plan d&rsquo;action visant \u00e0 int\u00e9grer les [&hellip;]<\/p>\n","protected":false},"author":1,"featured_media":124,"parent":53,"menu_order":0,"comment_status":"closed","ping_status":"closed","template":"","meta":{"footnotes":""},"class_list":["post-69","page","type-page","status-publish","has-post-thumbnail","hentry"],"_links":{"self":[{"href":"https:\/\/agirensemblepourbeauchamp.fr\/index.php\/wp-json\/wp\/v2\/pages\/69","targetHints":{"allow":["GET"]}}],"collection":[{"href":"https:\/\/agirensemblepourbeauchamp.fr\/index.php\/wp-json\/wp\/v2\/pages"}],"about":[{"href":"https:\/\/agirensemblepourbeauchamp.fr\/index.php\/wp-json\/wp\/v2\/types\/page"}],"author":[{"embeddable":true,"href":"https:\/\/agirensemblepourbeauchamp.fr\/index.php\/wp-json\/wp\/v2\/users\/1"}],"replies":[{"embeddable":true,"href":"https:\/\/agirensemblepourbeauchamp.fr\/index.php\/wp-json\/wp\/v2\/comments?post=69"}],"version-history":[{"count":2,"href":"https:\/\/agirensemblepourbeauchamp.fr\/index.php\/wp-json\/wp\/v2\/pages\/69\/revisions"}],"predecessor-version":[{"id":74,"href":"https:\/\/agirensemblepourbeauchamp.fr\/index.php\/wp-json\/wp\/v2\/pages\/69\/revisions\/74"}],"up":[{"embeddable":true,"href":"https:\/\/agirensemblepourbeauchamp.fr\/index.php\/wp-json\/wp\/v2\/pages\/53"}],"wp:featuredmedia":[{"embeddable":true,"href":"https:\/\/agirensemblepourbeauchamp.fr\/index.php\/wp-json\/wp\/v2\/media\/124"}],"wp:attachment":[{"href":"https:\/\/agirensemblepourbeauchamp.fr\/index.php\/wp-json\/wp\/v2\/media?parent=69"}],"curies":[{"name":"wp","href":"https:\/\/api.w.org\/{rel}","templated":true}]}}