{"id":80,"date":"2025-11-29T19:06:41","date_gmt":"2025-11-29T18:06:41","guid":{"rendered":"https:\/\/agirensemblepourbeauchamp.fr\/?page_id=80"},"modified":"2026-02-01T18:42:19","modified_gmt":"2026-02-01T17:42:19","slug":"2020-2026-solidarites","status":"publish","type":"page","link":"https:\/\/agirensemblepourbeauchamp.fr\/index.php\/bilan-2020-2026\/2020-2026-solidarites\/","title":{"rendered":"2020 &#8211; 2026 : Solidarit\u00e9s"},"content":{"rendered":"\n<p>Notre politique de solidarit\u00e9 du mandat a vis\u00e9 \u00e0 soutenir activement les administr\u00e9s, \u00e0 renforcer le lien social entre les habitants et \u00e0 favoriser le <strong>bien-vivre et le bien-vieillir<\/strong> \u00e0 Beauchamp. Nous avons maintenu des moyens importants pour le CCAS (Centre Communal d&rsquo;Action Sociale) et mis en place plusieurs dispositifs innovants, notamment l&rsquo;aide aux plus vuln\u00e9rables et l&rsquo;interg\u00e9n\u00e9rationnel.<\/p>\n\n\n\n<p>Un effort notable a \u00e9t\u00e9 r\u00e9alis\u00e9 dans le domaine de la <strong>sant\u00e9 et de la pr\u00e9vention<\/strong>. L&rsquo;installation d&rsquo;un <strong>second m\u00e9decin<\/strong> au sein du cabinet de sant\u00e9 est une \u00e9tape cl\u00e9 pour renforcer l&rsquo;offre m\u00e9dicale de proximit\u00e9. Des actions de pr\u00e9vention cibl\u00e9es ont \u00e9t\u00e9 propos\u00e9es (ateliers sur le diab\u00e8te, l&rsquo;arthrose, la sant\u00e9 bucco-dentaire). De plus, la ville a consid\u00e9rablement am\u00e9lior\u00e9 la s\u00e9curit\u00e9 sanitaire des \u00e9quipements en installant <strong>vingt d\u00e9fibrillateurs<\/strong> et en formant le personnel \u00e0 leur utilisation.<\/p>\n\n\n\n<p>L&rsquo;<strong>inclusion et le handicap<\/strong> ont \u00e9t\u00e9 au c\u0153ur des pr\u00e9occupations. La cr\u00e9ation d&rsquo;un <strong>forum annuel du handicap<\/strong> permet de sensibiliser et d&rsquo;informer, tandis que nous avons poursuivi l&rsquo;adaptation de l&rsquo;ensemble des b\u00e2timents et espaces publics pour garantir leur accessibilit\u00e9. Un lien \u00e9troit a \u00e9t\u00e9 \u00e9tabli avec le CCAS pour d\u00e9velopper le sport sant\u00e9 et les actions sp\u00e9cifiques pour les personnes en situation de handicap.<\/p>\n\n\n\n<p>Le lien social a \u00e9t\u00e9 renforc\u00e9 par la cr\u00e9ation d&rsquo;un <strong>Espace de Vie Sociale (EVS)<\/strong>, un lieu ouvert \u00e0 tous qui propose une diversit\u00e9 d&rsquo;activit\u00e9s, incluant des ateliers, des sorties, des projets interg\u00e9n\u00e9rationnels et des conf\u00e9rences d&rsquo;information. Des initiatives sp\u00e9cifiques ont \u00e9t\u00e9 men\u00e9es pour la <strong>parentalit\u00e9<\/strong> (ateliers pour soutenir le lien parent-enfant) et contre les <strong>violences faites aux femmes<\/strong> (soir\u00e9e annuelle de sensibilisation). <\/p>\n\n\n\n<p>En direction des <strong>seniors<\/strong>, la ville a publi\u00e9 le guide du <strong>Bien Vieillir<\/strong> et a intensifi\u00e9 les actions de convivialit\u00e9 (sorties, voyages, repas et colis de No\u00ebl). Le nombre de seniors de 70 ans et plus b\u00e9n\u00e9ficiant d&rsquo;un colis de No\u00ebl a tripl\u00e9 par rapport \u00e0 2017. <\/p>\n\n\n\n<p>Nous avons sign\u00e9 la Charte Sport\/Handicap en 2023 avec le D\u00e9partement du Val d\u2019Oise pour accompagner les associations sportives vers l\u2019inclusion des personnes handicap\u00e9es.<\/p>\n\n\n\n<p><strong>Chiffres cl\u00e9s<\/strong><\/p>\n\n\n\n<ul class=\"wp-block-list\">\n<li><strong>20<\/strong> : Nombre de <strong>d\u00e9fibrillateurs<\/strong> install\u00e9s dans la ville, augmentant significativement la s\u00e9curit\u00e9 sanitaire publique.<\/li>\n\n\n\n<li><strong>2<\/strong> : Arriv\u00e9e d&rsquo;un <strong>second m\u00e9decin<\/strong> au sein du cabinet de sant\u00e9 municipal.<\/li>\n\n\n\n<li><strong>523<\/strong> : Nombre de seniors de 70 ans et plus ayant b\u00e9n\u00e9fici\u00e9 d&rsquo;un <strong>colis de No\u00ebl<\/strong> (contre 174 en 2017).<\/li>\n\n\n\n<li><strong>13 693<\/strong> : Nombre de <strong>repas livr\u00e9s<\/strong> par le service de portage de repas en 2020.<\/li>\n\n\n\n<li><strong>1<\/strong> : Cr\u00e9ation d&rsquo;un <strong>Espace de Vie Sociale (EVS)<\/strong>, ouvert \u00e0 tous pour renforcer les liens entre habitants.<\/li>\n\n\n\n<li><strong>1<\/strong> : Cr\u00e9ation d&rsquo;un <strong>forum annuel du handicap<\/strong> et du guide du <strong>Bien Vieillir<\/strong><\/li>\n<\/ul>\n","protected":false},"excerpt":{"rendered":"<p>Notre politique de solidarit\u00e9 du mandat a vis\u00e9 \u00e0 soutenir activement les administr\u00e9s, \u00e0 renforcer le lien social entre les habitants et \u00e0 favoriser le bien-vivre et le bien-vieillir \u00e0 Beauchamp. Nous avons maintenu des moyens importants pour le CCAS (Centre Communal d&rsquo;Action Sociale) et mis en place plusieurs dispositifs innovants, notamment l&rsquo;aide aux plus [&hellip;]<\/p>\n","protected":false},"author":1,"featured_media":128,"parent":53,"menu_order":0,"comment_status":"closed","ping_status":"closed","template":"","meta":{"footnotes":""},"class_list":["post-80","page","type-page","status-publish","has-post-thumbnail","hentry"],"_links":{"self":[{"href":"https:\/\/agirensemblepourbeauchamp.fr\/index.php\/wp-json\/wp\/v2\/pages\/80","targetHints":{"allow":["GET"]}}],"collection":[{"href":"https:\/\/agirensemblepourbeauchamp.fr\/index.php\/wp-json\/wp\/v2\/pages"}],"about":[{"href":"https:\/\/agirensemblepourbeauchamp.fr\/index.php\/wp-json\/wp\/v2\/types\/page"}],"author":[{"embeddable":true,"href":"https:\/\/agirensemblepourbeauchamp.fr\/index.php\/wp-json\/wp\/v2\/users\/1"}],"replies":[{"embeddable":true,"href":"https:\/\/agirensemblepourbeauchamp.fr\/index.php\/wp-json\/wp\/v2\/comments?post=80"}],"version-history":[{"count":1,"href":"https:\/\/agirensemblepourbeauchamp.fr\/index.php\/wp-json\/wp\/v2\/pages\/80\/revisions"}],"predecessor-version":[{"id":81,"href":"https:\/\/agirensemblepourbeauchamp.fr\/index.php\/wp-json\/wp\/v2\/pages\/80\/revisions\/81"}],"up":[{"embeddable":true,"href":"https:\/\/agirensemblepourbeauchamp.fr\/index.php\/wp-json\/wp\/v2\/pages\/53"}],"wp:featuredmedia":[{"embeddable":true,"href":"https:\/\/agirensemblepourbeauchamp.fr\/index.php\/wp-json\/wp\/v2\/media\/128"}],"wp:attachment":[{"href":"https:\/\/agirensemblepourbeauchamp.fr\/index.php\/wp-json\/wp\/v2\/media?parent=80"}],"curies":[{"name":"wp","href":"https:\/\/api.w.org\/{rel}","templated":true}]}}