{"id":82,"date":"2025-11-29T19:11:47","date_gmt":"2025-11-29T18:11:47","guid":{"rendered":"https:\/\/agirensemblepourbeauchamp.fr\/?page_id=82"},"modified":"2026-02-01T18:43:40","modified_gmt":"2026-02-01T17:43:40","slug":"2020-2026-vie-scolaire","status":"publish","type":"page","link":"https:\/\/agirensemblepourbeauchamp.fr\/index.php\/bilan-2020-2026\/2020-2026-vie-scolaire\/","title":{"rendered":"2020 &#8211; 2026 : Vie scolaire"},"content":{"rendered":"\n<p>Le domaine scolaire a \u00e9t\u00e9 une priorit\u00e9 constante pour notre \u00e9quipe, qui a mobilis\u00e9 des moyens importants pour la scolarit\u00e9 des enfants, tant en mati\u00e8re de fonctionnement que d&rsquo;investissement dans les \u00e9quipements. L&rsquo;effort d&rsquo;investissement a \u00e9t\u00e9 particuli\u00e8rement visible dans la cr\u00e9ation de <strong>sept classes<\/strong> sur l&rsquo;ensemble du mandat, dont une ouverture de quatre classes (une maternelle et trois \u00e9l\u00e9mentaires) d\u00e8s la rentr\u00e9e 2023. L&rsquo;engagement se prolonge avec le projet de construction d&rsquo;une <strong>quatri\u00e8me \u00e9cole maternelle de 4 classes<\/strong>, dont l&rsquo;ouverture est pr\u00e9vue pour 2027 sur le site de l&rsquo;accueil de loisirs. L&rsquo;am\u00e9lioration des infrastructures a \u00e9galement inclus l&rsquo;<strong>agrandissement de 80 places<\/strong> du restaurant scolaire pour faire face \u00e0 l&rsquo;augmentation des effectifs.<\/p>\n\n\n\n<p>La politique de <strong>restauration scolaire<\/strong> a \u00e9t\u00e9 profond\u00e9ment r\u00e9form\u00e9e pour allier qualit\u00e9 et accessibilit\u00e9. Nous avons r\u00e9ussi \u00e0 <strong>baisser le prix du repas<\/strong> pour les familles les plus modestes, instituant une <strong>tarification \u00e0 1 \u20ac<\/strong> pour les faibles revenus. Simultan\u00e9ment, la qualit\u00e9 a \u00e9t\u00e9 renforc\u00e9e avec l&rsquo;introduction de <strong>50% de composants Bio<\/strong> et de circuit court dans les menus. Un budget cons\u00e9quent est consacr\u00e9 annuellement \u00e0 la cantine, le prix de revient du repas \u00e9tant significativement sup\u00e9rieur au prix factur\u00e9 aux familles. Des actions de lutte contre le <strong>gaspillage alimentaire<\/strong> sont men\u00e9es via la sensibilisation des enfants et la valorisation des biod\u00e9chets. Les parents d&rsquo;\u00e9l\u00e8ves sont associ\u00e9s par le biais de visites sur le temps de restauration et la participation aux commissions des menus.<\/p>\n\n\n\n<p>Le soutien \u00e0 l&rsquo;action \u00e9ducative s&rsquo;est traduit par un <strong>soutien mat\u00e9riel continu<\/strong> (soutien mat\u00e9riel \u00e0 chaque \u00e9l\u00e8ve, \u00e9quipement num\u00e9rique des \u00e9coles en tableaux num\u00e9riques et tablettes) et un budget de fonctionnement allou\u00e9 aux activit\u00e9s p\u00e9dagogiques. Les <strong>classes de d\u00e9couvertes<\/strong> sont subventionn\u00e9es avec une tarification au quotient familial, et les professeurs de l&rsquo;\u00e9cole de musique interviennent dans les \u00e9coles. De gros travaux d&rsquo;entretien, comme le renouvellement de l&rsquo;ensemble des chaudi\u00e8res, sont r\u00e9alis\u00e9s pendant les vacances pour assurer le bon fonctionnement des \u00e9tablissements.<\/p>\n\n\n\n<p><strong>Chiffres cl\u00e9s<\/strong><\/p>\n\n\n\n<ul class=\"wp-block-list\">\n<li><strong>7<\/strong> : Nombre de <strong>classes cr\u00e9\u00e9es<\/strong> sur le mandat pour r\u00e9pondre aux besoins d&rsquo;accueil.<\/li>\n\n\n\n<li><strong>4<\/strong> : Nombre de <strong>classes pr\u00e9vues<\/strong> pour la nouvelle \u00e9cole maternelle (ouverture en 2027).<\/li>\n\n\n\n<li><strong>1 \u20ac<\/strong> : <strong>Prix minimum du repas<\/strong> au restaurant scolaire pour les familles \u00e0 faible revenu.<\/li>\n\n\n\n<li><strong>50%<\/strong> : Proportion de <strong>composants Bio<\/strong> dans les repas servis au restaurant scolaire.<\/li>\n\n\n\n<li><strong>11 \u20ac<\/strong> : <strong>Prix de revient moyen du repas<\/strong> \u00e0 la cantine, dont la majeure partie est prise en charge par la municipalit\u00e9.<\/li>\n\n\n\n<li><strong>80<\/strong> : Augmentation du nombre de <strong>places<\/strong> pr\u00e9vue par l&rsquo;agrandissement du restaurant scolaire.<\/li>\n\n\n\n<li><strong>170 148 \u20ac<\/strong> : Budget de fonctionnement annuel pour les <strong>sorties p\u00e9dagogiques<\/strong>, les spectacles et le transport des \u00e9l\u00e8ves.<\/li>\n<\/ul>\n","protected":false},"excerpt":{"rendered":"<p>Le domaine scolaire a \u00e9t\u00e9 une priorit\u00e9 constante pour notre \u00e9quipe, qui a mobilis\u00e9 des moyens importants pour la scolarit\u00e9 des enfants, tant en mati\u00e8re de fonctionnement que d&rsquo;investissement dans les \u00e9quipements. L&rsquo;effort d&rsquo;investissement a \u00e9t\u00e9 particuli\u00e8rement visible dans la cr\u00e9ation de sept classes sur l&rsquo;ensemble du mandat, dont une ouverture de quatre classes (une [&hellip;]<\/p>\n","protected":false},"author":1,"featured_media":127,"parent":53,"menu_order":0,"comment_status":"closed","ping_status":"closed","template":"","meta":{"footnotes":""},"class_list":["post-82","page","type-page","status-publish","has-post-thumbnail","hentry"],"_links":{"self":[{"href":"https:\/\/agirensemblepourbeauchamp.fr\/index.php\/wp-json\/wp\/v2\/pages\/82","targetHints":{"allow":["GET"]}}],"collection":[{"href":"https:\/\/agirensemblepourbeauchamp.fr\/index.php\/wp-json\/wp\/v2\/pages"}],"about":[{"href":"https:\/\/agirensemblepourbeauchamp.fr\/index.php\/wp-json\/wp\/v2\/types\/page"}],"author":[{"embeddable":true,"href":"https:\/\/agirensemblepourbeauchamp.fr\/index.php\/wp-json\/wp\/v2\/users\/1"}],"replies":[{"embeddable":true,"href":"https:\/\/agirensemblepourbeauchamp.fr\/index.php\/wp-json\/wp\/v2\/comments?post=82"}],"version-history":[{"count":2,"href":"https:\/\/agirensemblepourbeauchamp.fr\/index.php\/wp-json\/wp\/v2\/pages\/82\/revisions"}],"predecessor-version":[{"id":102,"href":"https:\/\/agirensemblepourbeauchamp.fr\/index.php\/wp-json\/wp\/v2\/pages\/82\/revisions\/102"}],"up":[{"embeddable":true,"href":"https:\/\/agirensemblepourbeauchamp.fr\/index.php\/wp-json\/wp\/v2\/pages\/53"}],"wp:featuredmedia":[{"embeddable":true,"href":"https:\/\/agirensemblepourbeauchamp.fr\/index.php\/wp-json\/wp\/v2\/media\/127"}],"wp:attachment":[{"href":"https:\/\/agirensemblepourbeauchamp.fr\/index.php\/wp-json\/wp\/v2\/media?parent=82"}],"curies":[{"name":"wp","href":"https:\/\/api.w.org\/{rel}","templated":true}]}}