{"id":84,"date":"2025-11-29T19:17:35","date_gmt":"2025-11-29T18:17:35","guid":{"rendered":"https:\/\/agirensemblepourbeauchamp.fr\/?page_id=84"},"modified":"2026-02-01T18:41:37","modified_gmt":"2026-02-01T17:41:37","slug":"2020-2026-familles","status":"publish","type":"page","link":"https:\/\/agirensemblepourbeauchamp.fr\/index.php\/bilan-2020-2026\/2020-2026-familles\/","title":{"rendered":"2020 &#8211; 2026 : Familles"},"content":{"rendered":"\n<p>Notre politique familiale a \u00e9t\u00e9 d\u00e9finie comme un engagement central, visant \u00e0 placer le bien-\u00eatre de la famille au c\u0153ur de l&rsquo;action municipale. L&rsquo;\u00e9quipe a \u0153uvr\u00e9 pour renforcer les dispositifs d&rsquo;accompagnement afin d&rsquo;offrir \u00e0 chaque enfant, parent et jeune un <strong>cadre de vie bienveillant, adapt\u00e9 et tourn\u00e9 vers l&rsquo;avenir<\/strong>. Les dispositifs sont con\u00e7us pour \u00eatre \u00e9volutifs et adapt\u00e9s \u00e0 chaque parcours familial.<\/p>\n\n\n\n<p>Dans le secteur de la <strong>Petite Enfance<\/strong>, l&rsquo;offre d&rsquo;accueil a \u00e9t\u00e9 significativement augment\u00e9e. La capacit\u00e9 d&rsquo;accueil en cr\u00e8che a \u00e9t\u00e9 compl\u00e9t\u00e9e par l&rsquo;ouverture d&rsquo;une <strong>cr\u00e8che collective de 14 berceaux<\/strong> en partenariat avec une association, Notre ville affiche ainsi un taux de couverture petite enfance (69%) au dessus de la moyenne nationale (58%), d\u00e9partementale (46%) et intercommunale (57%). La ville continue \u00e9galement de soutenir les assistantes maternelles via le <strong>Relais Petite Enfance<\/strong>. Le Lieu Accueil Enfants \u2013 Parents, <strong>La Parent\u2019aise<\/strong>, a \u00e9t\u00e9 maintenu et d\u00e9plac\u00e9 dans de nouveaux locaux pour continuer \u00e0 offrir un espace de soutien aux parents. <\/p>\n\n\n\n<p>Pour la <strong>Jeunesse et le p\u00e9riscolaire<\/strong>, l&rsquo;accompagnement a \u00e9t\u00e9 renforc\u00e9. Notre mandat a vu le renforcement des <strong>accueils p\u00e9riscolaires<\/strong> et des \u00e9quipes d&rsquo;animation. Ainsi que la mise en place d\u2019activit\u00e9s culturelles et interg\u00e9n\u00e9rationnelles. La capacit\u00e9 en accueil de loisirs a \u00e9t\u00e9 augment\u00e9e de <strong>+43%<\/strong>. De m\u00eame, l&rsquo;offre de <strong>s\u00e9jours \u00e9ducatifs<\/strong> a \u00e9t\u00e9 \u00e9largie, avec une augmentation de <strong>+50%<\/strong> des places sur les s\u00e9jours. L&rsquo;accompagnement des adolescents et jeunes adultes (14-25 ans) a \u00e9t\u00e9 structur\u00e9 autour de la <strong>Dynamisation du Club Ados et du Point Info Jeunesse (PIJ)<\/strong> d\u00e9sormais impliqu\u00e9 dans des projets participatifs et \u00e9galement ouvert aux \u00e9l\u00e8ves de CM2. Un programme annuel d&rsquo;ateliers de sensibilisation, stages et forums avec des cercles de paroles a \u00e9t\u00e9 mis en place. Un professionnel de la jeunesse, le \u00ab <strong>Promeneur du net<\/strong> \u00bb, assure une pr\u00e9sence \u00e9ducative en ligne pour cr\u00e9er du lien et apporter \u00e9coute et soutien. Les services d\u00e9di\u00e9s aux jeunes (Club Ado, PIJ, soutien scolaire) seront regroup\u00e9s au sein de la nouvelle <strong>Maison des Associations et de la Jeunesse<\/strong> pour une meilleure synergie.<\/p>\n\n\n\n<h2 class=\"wp-block-heading\"><strong>Chiffres cl\u00e9s<\/strong><\/h2>\n\n\n\n<ul class=\"wp-block-list\">\n<li>\u00a0<strong>69%<\/strong> : Meilleur taux de couverture petite enfance de la communaut\u00e9 d\u2019agglom\u00e9ration Val Parisis (57 %)<\/li>\n\n\n\n<li><strong>+43%<\/strong> : Augmentation de la <strong>capacit\u00e9 en accueil de loisirs<\/strong>.<\/li>\n\n\n\n<li><strong>+50%<\/strong> : Augmentation du nombre de <strong>places sur les s\u00e9jours<\/strong><\/li>\n\n\n\n<li><strong>14<\/strong> : Nombre de <strong>berceaux cr\u00e9\u00e9s<\/strong> dans la nouvelle cr\u00e8che collective Chabullon \u00a0en partenariat public priv\u00e9 avec une association.<\/li>\n<\/ul>\n","protected":false},"excerpt":{"rendered":"<p>Notre politique familiale a \u00e9t\u00e9 d\u00e9finie comme un engagement central, visant \u00e0 placer le bien-\u00eatre de la famille au c\u0153ur de l&rsquo;action municipale. L&rsquo;\u00e9quipe a \u0153uvr\u00e9 pour renforcer les dispositifs d&rsquo;accompagnement afin d&rsquo;offrir \u00e0 chaque enfant, parent et jeune un cadre de vie bienveillant, adapt\u00e9 et tourn\u00e9 vers l&rsquo;avenir. Les dispositifs sont con\u00e7us pour \u00eatre [&hellip;]<\/p>\n","protected":false},"author":1,"featured_media":129,"parent":53,"menu_order":0,"comment_status":"closed","ping_status":"closed","template":"","meta":{"footnotes":""},"class_list":["post-84","page","type-page","status-publish","has-post-thumbnail","hentry"],"_links":{"self":[{"href":"https:\/\/agirensemblepourbeauchamp.fr\/index.php\/wp-json\/wp\/v2\/pages\/84","targetHints":{"allow":["GET"]}}],"collection":[{"href":"https:\/\/agirensemblepourbeauchamp.fr\/index.php\/wp-json\/wp\/v2\/pages"}],"about":[{"href":"https:\/\/agirensemblepourbeauchamp.fr\/index.php\/wp-json\/wp\/v2\/types\/page"}],"author":[{"embeddable":true,"href":"https:\/\/agirensemblepourbeauchamp.fr\/index.php\/wp-json\/wp\/v2\/users\/1"}],"replies":[{"embeddable":true,"href":"https:\/\/agirensemblepourbeauchamp.fr\/index.php\/wp-json\/wp\/v2\/comments?post=84"}],"version-history":[{"count":2,"href":"https:\/\/agirensemblepourbeauchamp.fr\/index.php\/wp-json\/wp\/v2\/pages\/84\/revisions"}],"predecessor-version":[{"id":103,"href":"https:\/\/agirensemblepourbeauchamp.fr\/index.php\/wp-json\/wp\/v2\/pages\/84\/revisions\/103"}],"up":[{"embeddable":true,"href":"https:\/\/agirensemblepourbeauchamp.fr\/index.php\/wp-json\/wp\/v2\/pages\/53"}],"wp:featuredmedia":[{"embeddable":true,"href":"https:\/\/agirensemblepourbeauchamp.fr\/index.php\/wp-json\/wp\/v2\/media\/129"}],"wp:attachment":[{"href":"https:\/\/agirensemblepourbeauchamp.fr\/index.php\/wp-json\/wp\/v2\/media?parent=84"}],"curies":[{"name":"wp","href":"https:\/\/api.w.org\/{rel}","templated":true}]}}