{"id":87,"date":"2025-11-29T19:20:49","date_gmt":"2025-11-29T18:20:49","guid":{"rendered":"https:\/\/agirensemblepourbeauchamp.fr\/?page_id=87"},"modified":"2026-02-01T19:14:36","modified_gmt":"2026-02-01T18:14:36","slug":"2020-2026-democratie-participative","status":"publish","type":"page","link":"https:\/\/agirensemblepourbeauchamp.fr\/index.php\/bilan-2020-2026\/2020-2026-democratie-participative\/","title":{"rendered":"2020 &#8211; 2026 : D\u00e9mocratie participative"},"content":{"rendered":"\n<p>Nous avons plac\u00e9 la <strong>participation citoyenne au c\u0153ur de notre action<\/strong> depuis le d\u00e9but du mandat, avec l&rsquo;ambition de faire vivre la citoyennet\u00e9, de renforcer le vivre ensemble et de co-construire la ville de demain avec les habitants. Une diversit\u00e9 d&rsquo;outils et d&rsquo;instances a \u00e9t\u00e9 d\u00e9ploy\u00e9e pour faciliter l&rsquo;expression et l&rsquo;implication de la population, des adultes aux plus jeunes.<\/p>\n\n\n\n<p>L&rsquo;instrument phare de cette politique est le <strong>budget participatif<\/strong>, qui permet aux Beauchampois de proposer et de choisir directement des am\u00e9nagements pour les espaces publics. Au-del\u00e0 du financement participatif, nous avons multipli\u00e9 les <strong>espaces de dialogue direct<\/strong> et de d\u00e9bats. Cela s&rsquo;est concr\u00e9tis\u00e9 par l&rsquo;organisation de <strong>r\u00e9unions de quartiers th\u00e9matiques<\/strong> et la mise en place d&rsquo;une <strong>tourn\u00e9e des quartiers<\/strong>, permettant aux \u00e9lus d&rsquo;aller au plus pr\u00e8s des pr\u00e9occupations des habitants.<\/p>\n\n\n\n<p>Le projet majeur du mandat, la requalification du C\u0153ur de ville (\u00celot Triangle), a b\u00e9n\u00e9fici\u00e9 d&rsquo;une <strong>concertation sp\u00e9cifique<\/strong> et approfondie, avec l&rsquo;organisation de <strong>forums citoyens d\u00e9di\u00e9s<\/strong> pour associer les habitants \u00e0 la r\u00e9flexion collective. Cette approche de co-construction est essentielle pour garantir un renouvellement urbain harmonieux et partag\u00e9.<\/p>\n\n\n\n<p>Pour impliquer les g\u00e9n\u00e9rations futures dans la vie de la cit\u00e9, deux instances d\u00e9di\u00e9es \u00e0 la jeunesse ont \u00e9t\u00e9 cr\u00e9\u00e9es. Le <strong>Conseil Municipal des Jeunes (CMJ)<\/strong> permet aux adolescents de mener des projets concrets sur des th\u00e9matiques vari\u00e9es (environnement, loisirs, participation locale). Le <strong>Conseil Municipal des Enfants (CME)<\/strong> offre une assembl\u00e9e d&rsquo;enfants \u00e9lus pour mener des actions et des projets citoyens, leur apprenant les m\u00e9canismes de la d\u00e9mocratie locale. Enfin, la d\u00e9marche participative a \u00e9t\u00e9 digitalis\u00e9e avec la cr\u00e9ation d&rsquo;un <strong>site internet \u00ab Je participe \u00bb<\/strong>, offrant une plateforme en ligne pour les sondages et le suivi du budget participatif, renfor\u00e7ant l&rsquo;accessibilit\u00e9 aux outils de la d\u00e9mocratie.<\/p>\n\n\n\n<h2 class=\"wp-block-heading\"><strong>Chiffres cl\u00e9s<\/strong><\/h2>\n\n\n\n<ul class=\"wp-block-list\">\n<li><strong>1<\/strong> : Mise en place du <strong>budget participatif<\/strong>, permettant aux habitants d&rsquo;initier et de choisir des projets pour la ville<sup>234<\/sup>.<\/li>\n\n\n\n<li><strong>1<\/strong> : Cr\u00e9ation du <strong>site internet \u00ab Je participe \u00bb<\/strong>, plateforme num\u00e9rique d\u00e9di\u00e9e \u00e0 la participation citoyenne (sondages, etc.)<sup>235235<\/sup>.<\/li>\n\n\n\n<li><strong>2<\/strong> : Cr\u00e9ation d&rsquo;instances de d\u00e9mocratie jeunesse : le <strong>Conseil Municipal des Jeunes (CMJ)<\/strong> et le <strong>Conseil Municipal des Enfants (CME)<\/strong><sup>236236236<\/sup>.<\/li>\n\n\n\n<li><strong>2<\/strong> : Nombre de <strong>forums citoyens<\/strong> d\u00e9di\u00e9s au projet structurant de l&rsquo;\u00celot Triangle<sup>237237<\/sup>.<\/li>\n\n\n\n<li><strong>1<\/strong> : Mise en place d&rsquo;une <strong>tourn\u00e9e des quartiers<\/strong> pour un dialogue direct et de proximit\u00e9 avec les habitants.<\/li>\n\n\n\n<li><strong>Nombreux<\/strong> : Organisation de <strong>r\u00e9unions de quartiers th\u00e9matiques<\/strong> et cr\u00e9ation d&rsquo;espaces de d\u00e9bats<\/li>\n<\/ul>\n","protected":false},"excerpt":{"rendered":"<p>Nous avons plac\u00e9 la participation citoyenne au c\u0153ur de notre action depuis le d\u00e9but du mandat, avec l&rsquo;ambition de faire vivre la citoyennet\u00e9, de renforcer le vivre ensemble et de co-construire la ville de demain avec les habitants. Une diversit\u00e9 d&rsquo;outils et d&rsquo;instances a \u00e9t\u00e9 d\u00e9ploy\u00e9e pour faciliter l&rsquo;expression et l&rsquo;implication de la population, des [&hellip;]<\/p>\n","protected":false},"author":1,"featured_media":169,"parent":53,"menu_order":0,"comment_status":"closed","ping_status":"closed","template":"","meta":{"footnotes":""},"class_list":["post-87","page","type-page","status-publish","has-post-thumbnail","hentry"],"_links":{"self":[{"href":"https:\/\/agirensemblepourbeauchamp.fr\/index.php\/wp-json\/wp\/v2\/pages\/87","targetHints":{"allow":["GET"]}}],"collection":[{"href":"https:\/\/agirensemblepourbeauchamp.fr\/index.php\/wp-json\/wp\/v2\/pages"}],"about":[{"href":"https:\/\/agirensemblepourbeauchamp.fr\/index.php\/wp-json\/wp\/v2\/types\/page"}],"author":[{"embeddable":true,"href":"https:\/\/agirensemblepourbeauchamp.fr\/index.php\/wp-json\/wp\/v2\/users\/1"}],"replies":[{"embeddable":true,"href":"https:\/\/agirensemblepourbeauchamp.fr\/index.php\/wp-json\/wp\/v2\/comments?post=87"}],"version-history":[{"count":2,"href":"https:\/\/agirensemblepourbeauchamp.fr\/index.php\/wp-json\/wp\/v2\/pages\/87\/revisions"}],"predecessor-version":[{"id":101,"href":"https:\/\/agirensemblepourbeauchamp.fr\/index.php\/wp-json\/wp\/v2\/pages\/87\/revisions\/101"}],"up":[{"embeddable":true,"href":"https:\/\/agirensemblepourbeauchamp.fr\/index.php\/wp-json\/wp\/v2\/pages\/53"}],"wp:featuredmedia":[{"embeddable":true,"href":"https:\/\/agirensemblepourbeauchamp.fr\/index.php\/wp-json\/wp\/v2\/media\/169"}],"wp:attachment":[{"href":"https:\/\/agirensemblepourbeauchamp.fr\/index.php\/wp-json\/wp\/v2\/media?parent=87"}],"curies":[{"name":"wp","href":"https:\/\/api.w.org\/{rel}","templated":true}]}}