{"id":90,"date":"2025-11-29T23:27:12","date_gmt":"2025-11-29T22:27:12","guid":{"rendered":"https:\/\/agirensemblepourbeauchamp.fr\/?page_id=90"},"modified":"2026-02-01T19:16:14","modified_gmt":"2026-02-01T18:16:14","slug":"2020-2026-economie-locale","status":"publish","type":"page","link":"https:\/\/agirensemblepourbeauchamp.fr\/index.php\/bilan-2020-2026\/2020-2026-economie-locale\/","title":{"rendered":"2020 &#8211; 2026 : \u00c9conomie locale"},"content":{"rendered":"\n<p>Notre objectif a \u00e9t\u00e9 de favoriser une <strong>\u00e9conomie locale florissante et dynamique<\/strong> pour garantir une ville anim\u00e9e et une meilleure qualit\u00e9 de vie pour les Beauchampois. Les commer\u00e7ants s\u00e9dentaires, les artisans, les entreprises et les commer\u00e7ants du march\u00e9 municipal sont \u00a0des acteurs essentiels du tissu social et de la fourniture de services indispensables. Nous avons un r\u00f4le d&rsquo;\u00e9coute, d&rsquo;accompagnement et d&rsquo;encouragement de leur activit\u00e9.<\/p>\n\n\n\n<p>Un succ\u00e8s majeur du mandat est l&rsquo;<strong>am\u00e9nagement du site Vectura Park<\/strong> (ancien site industriel 3M), qui s&rsquo;est traduit par un apport important de nouvelles installations d&rsquo;entreprises. Ce d\u00e9veloppement \u00e9conomique est un indicateur fort de l&rsquo;attractivit\u00e9 du territoire et devrait g\u00e9n\u00e9rer environ <strong>1500 emplois \u00e0 terme<\/strong>, ainsi que de nombreux emplois indirects. Le site est \u00e9galement pr\u00e9vu pour accueillir un <strong>centre de services<\/strong> complet : cr\u00e8che (400 m\u00b2), brasserie familiale, salle de sport, piscine, coworking et salle de s\u00e9minaire.<\/p>\n\n\n\n<p>Le <strong>commerce de proximit\u00e9<\/strong> a b\u00e9n\u00e9fici\u00e9 d&rsquo;une attention particuli\u00e8re. Le march\u00e9 municipal compte <strong>29 commer\u00e7ants abonn\u00e9s<\/strong>, dont certains sont pr\u00e9sents depuis 50 ans, et il enregistre un taux de satisfaction de 90% sur la qualit\u00e9 de ses produits. Des actions concr\u00e8tes ont \u00e9t\u00e9 men\u00e9es pour le dynamiser (nombreuses animations et installation de nouveaux commer\u00e7ants sous la halle). Par ailleurs, la gestion du stationnement a \u00e9t\u00e9 revue avec la mise en <strong>zone bleue<\/strong> de places autour de la gare pour favoriser l&rsquo;acc\u00e8s rapide aux commerces de ce secteur. L&rsquo;artisanat local a \u00e9t\u00e9 valoris\u00e9 par la <strong>signature d&rsquo;une charte de soutien<\/strong> avec la Chambre de M\u00e9tiers et de l&rsquo;Artisanat du Val d&rsquo;Oise<sup>256<\/sup>.<\/p>\n\n\n\n<p>Enfin, le projet de l&rsquo;\u00celot Triangle dans le C\u0153ur de ville pr\u00e9voit l&rsquo;arriv\u00e9e de <strong>1263 m\u00b2 de nouveaux commerces et services<\/strong> en pied d&rsquo;immeuble, assurant un renouvellement de l&rsquo;offre commerciale en centre-ville.<\/p>\n\n\n\n<h2 class=\"wp-block-heading\"><strong>Chiffres cl\u00e9s<\/strong><\/h2>\n\n\n\n<ul class=\"wp-block-list\">\n<li><strong>1500<\/strong> : Nombre d&rsquo;<strong>emplois<\/strong> potentiels \u00a0directs et indirects cr\u00e9\u00e9s \u00e0 terme par les entreprises install\u00e9es sur le site Vectura Park.<\/li>\n\n\n\n<li><strong>89<\/strong> : Nombre de <strong>commer\u00e7ants s\u00e9dentaires<\/strong> sur la ville.<\/li>\n\n\n\n<li><strong>29<\/strong> : Nombre de <strong>commer\u00e7ants abonn\u00e9s au march\u00e9 municipal<\/strong>.<\/li>\n\n\n\n<li><strong>90%<\/strong> : Taux de <strong>satisfaction<\/strong> des produits propos\u00e9s sur le march\u00e9 municipal.<\/li>\n\n\n\n<li><strong>1263 m\u00b2<\/strong> : Surface d\u00e9di\u00e9e aux <strong>commerces et services<\/strong> pr\u00e9vue dans le cadre du projet de requalification du C\u0153ur de ville (\u00celot Triangle).<\/li>\n\n\n\n<li><strong>1<\/strong> : Signature d&rsquo;une <strong>charte de soutien aux activit\u00e9s artisanales locales<\/strong> avec la Chambre de M\u00e9tiers et de l&rsquo;Artisanat Ile de France<\/li>\n<\/ul>\n","protected":false},"excerpt":{"rendered":"<p>Notre objectif a \u00e9t\u00e9 de favoriser une \u00e9conomie locale florissante et dynamique pour garantir une ville anim\u00e9e et une meilleure qualit\u00e9 de vie pour les Beauchampois. Les commer\u00e7ants s\u00e9dentaires, les artisans, les entreprises et les commer\u00e7ants du march\u00e9 municipal sont \u00a0des acteurs essentiels du tissu social et de la fourniture de services indispensables. Nous avons [&hellip;]<\/p>\n","protected":false},"author":1,"featured_media":166,"parent":53,"menu_order":0,"comment_status":"closed","ping_status":"closed","template":"","meta":{"footnotes":""},"class_list":["post-90","page","type-page","status-publish","has-post-thumbnail","hentry"],"_links":{"self":[{"href":"https:\/\/agirensemblepourbeauchamp.fr\/index.php\/wp-json\/wp\/v2\/pages\/90","targetHints":{"allow":["GET"]}}],"collection":[{"href":"https:\/\/agirensemblepourbeauchamp.fr\/index.php\/wp-json\/wp\/v2\/pages"}],"about":[{"href":"https:\/\/agirensemblepourbeauchamp.fr\/index.php\/wp-json\/wp\/v2\/types\/page"}],"author":[{"embeddable":true,"href":"https:\/\/agirensemblepourbeauchamp.fr\/index.php\/wp-json\/wp\/v2\/users\/1"}],"replies":[{"embeddable":true,"href":"https:\/\/agirensemblepourbeauchamp.fr\/index.php\/wp-json\/wp\/v2\/comments?post=90"}],"version-history":[{"count":1,"href":"https:\/\/agirensemblepourbeauchamp.fr\/index.php\/wp-json\/wp\/v2\/pages\/90\/revisions"}],"predecessor-version":[{"id":91,"href":"https:\/\/agirensemblepourbeauchamp.fr\/index.php\/wp-json\/wp\/v2\/pages\/90\/revisions\/91"}],"up":[{"embeddable":true,"href":"https:\/\/agirensemblepourbeauchamp.fr\/index.php\/wp-json\/wp\/v2\/pages\/53"}],"wp:featuredmedia":[{"embeddable":true,"href":"https:\/\/agirensemblepourbeauchamp.fr\/index.php\/wp-json\/wp\/v2\/media\/166"}],"wp:attachment":[{"href":"https:\/\/agirensemblepourbeauchamp.fr\/index.php\/wp-json\/wp\/v2\/media?parent=90"}],"curies":[{"name":"wp","href":"https:\/\/api.w.org\/{rel}","templated":true}]}}