{"id":92,"date":"2025-11-29T23:30:14","date_gmt":"2025-11-29T22:30:14","guid":{"rendered":"https:\/\/agirensemblepourbeauchamp.fr\/?page_id=92"},"modified":"2026-02-01T19:15:16","modified_gmt":"2026-02-01T18:15:16","slug":"2020-2026-vie-associative-et-sport","status":"publish","type":"page","link":"https:\/\/agirensemblepourbeauchamp.fr\/index.php\/bilan-2020-2026\/2020-2026-vie-associative-et-sport\/","title":{"rendered":"2020 &#8211; 2026 : Vie associative et sport"},"content":{"rendered":"\n<p><strong>La municipalit\u00e9 est reconnaissante du r\u00f4le essentiel des associations<\/strong> dans la vie quotidienne et le tissu social de Beauchamp. La ville les accompagne et \u00a0<strong>facililte les pratiques sportives, cr\u00e9atives et culturelles<\/strong> pour tous, en soulignant les bienfaits qu&rsquo;elles apportent (d\u00e9veloppement personnel, confiance en soi, bien-\u00eatre). Les associations favorisent les liens sociaux et interg\u00e9n\u00e9rationnels essentiels au dynamisme de la ville.<\/p>\n\n\n\n<p>L&rsquo;<strong>accompagnement associatif<\/strong> se traduit par la mise \u00e0 disposition de nombreux cr\u00e9neaux d\u2019activit\u00e9s, dans <strong>24 salles ou \u00e9quipements<\/strong>. Un budget de <strong>170 765 euros<\/strong> garantit le maintien des subventions accord\u00e9es aux <strong>48 associations actives<\/strong>. Pour valoriser l&rsquo;engagement local, nous avons mis en place une <strong>soir\u00e9e de mise \u00e0 l&rsquo;honneur des b\u00e9n\u00e9voles<\/strong>. L&rsquo;aide \u00e0 la pratique est une priorit\u00e9, mat\u00e9rialis\u00e9e par l&rsquo;attribution de <strong>coupons Sport \/ ch\u00e8ques sport<\/strong> \u00e0 certaines familles pour garantir l&rsquo;acc\u00e8s aux activit\u00e9s associatives. Un lien \u00e9troit a \u00e9t\u00e9 \u00e9tabli avec le CCAS pour d\u00e9velopper des initiatives de sport sant\u00e9 et des actions sp\u00e9cifiques pour les personnes en situation de handicap.<\/p>\n\n\n\n<p>Le volet <strong>sportif et \u00e9quipement<\/strong> a b\u00e9n\u00e9fici\u00e9 d&rsquo;un investissement majeur. Nous avons construit une <strong>Maison des Associations et de la Jeunesse<\/strong> (MAJ) qui offre de nouveaux locaux adapt\u00e9s. Le principal chantier a \u00e9t\u00e9 la <strong>r\u00e9habilitation du Complexe sportif du Centre Omnisports <\/strong>(isolation thermique, accessibilit\u00e9), incluant la r\u00e9novation du sol de la salle de sports collectifs. Les infrastructures ext\u00e9rieures ont \u00e9galement \u00e9t\u00e9 modernis\u00e9es : cr\u00e9ation de <strong>nouveaux terrains synth\u00e9tiques pour le football<\/strong>, d&rsquo;un <strong>city stade<\/strong> et d&rsquo;un <strong>terrain de basket 3&#215;3<\/strong>. Les \u00e9quipements de tennis ont \u00e9t\u00e9 am\u00e9lior\u00e9s par la <strong>couverture d&rsquo;un court<\/strong> et la r\u00e9novation de trois autres, permettant d&rsquo;\u00e9tendre la p\u00e9riode de pratique sportive.<\/p>\n\n\n\n<p>En mati\u00e8re d&rsquo;<strong>animation sportive<\/strong>, la ville organise la <strong>Journ\u00e9e de la f\u00eate du sport<\/strong> sur le stade, en partenariat avec l&rsquo;OMS et toutes les associations. Des r\u00e9compenses ont \u00e9t\u00e9 d\u00e9cern\u00e9es aux sportifs, et des initiatives comme la d\u00e9couverte du tennis dans les \u00e9coles ont \u00e9t\u00e9 lanc\u00e9es. Des \u00e9quipements suppl\u00e9mentaires ont \u00e9t\u00e9 mis \u00e0 disposition des coll\u00e9giens pour intensifier leur pratique, notamment en hiver.<\/p>\n\n\n\n<h2 class=\"wp-block-heading\"><strong>Chiffres cl\u00e9s<\/strong><\/h2>\n\n\n\n<ul class=\"wp-block-list\">\n<li><strong>170 765 euros<\/strong> : Montant vot\u00e9 au budget pour le <strong>maintien des subventions<\/strong> accord\u00e9es aux associations.<\/li>\n\n\n\n<li><strong>48<\/strong> : Nombre d&rsquo;<strong>associations beauchampoises actives<\/strong>.<\/li>\n\n\n\n<li><strong>24<\/strong> : Nombre de <strong>salles ou \u00e9quipements<\/strong> mis \u00e0 disposition des associations.<\/li>\n\n\n\n<li><strong>1<\/strong> : Construction de la <strong>Maison des Associations et de la Jeunesse<\/strong> (MAJ).<\/li>\n\n\n\n<li><strong>1<\/strong> : R\u00e9habilitation du Complexe sportif du Centre Omnisports \u00a0(isolation, accessibilit\u00e9).<\/li>\n\n\n\n<li><strong>1<\/strong> : Installation d&rsquo;un <strong>nouveau terrain synth\u00e9tique pour le foot<\/strong>, un <strong>city stade<\/strong> et un <strong>terrain de basket 3&#215;3<\/strong><sup>292<\/sup>.<\/li>\n\n\n\n<li><strong>1<\/strong> : <strong>Couverture d&rsquo;un court de tennis<\/strong>, parall\u00e8lement \u00e0 la r\u00e9novation de 3 autres courts et au remplacement de la partie vitr\u00e9e du toit des 2 anciens cours couverts.<\/li>\n<\/ul>\n","protected":false},"excerpt":{"rendered":"<p>La municipalit\u00e9 est reconnaissante du r\u00f4le essentiel des associations dans la vie quotidienne et le tissu social de Beauchamp. La ville les accompagne et \u00a0facililte les pratiques sportives, cr\u00e9atives et culturelles pour tous, en soulignant les bienfaits qu&rsquo;elles apportent (d\u00e9veloppement personnel, confiance en soi, bien-\u00eatre). Les associations favorisent les liens sociaux et interg\u00e9n\u00e9rationnels essentiels au [&hellip;]<\/p>\n","protected":false},"author":1,"featured_media":170,"parent":53,"menu_order":0,"comment_status":"closed","ping_status":"closed","template":"","meta":{"footnotes":""},"class_list":["post-92","page","type-page","status-publish","has-post-thumbnail","hentry"],"_links":{"self":[{"href":"https:\/\/agirensemblepourbeauchamp.fr\/index.php\/wp-json\/wp\/v2\/pages\/92","targetHints":{"allow":["GET"]}}],"collection":[{"href":"https:\/\/agirensemblepourbeauchamp.fr\/index.php\/wp-json\/wp\/v2\/pages"}],"about":[{"href":"https:\/\/agirensemblepourbeauchamp.fr\/index.php\/wp-json\/wp\/v2\/types\/page"}],"author":[{"embeddable":true,"href":"https:\/\/agirensemblepourbeauchamp.fr\/index.php\/wp-json\/wp\/v2\/users\/1"}],"replies":[{"embeddable":true,"href":"https:\/\/agirensemblepourbeauchamp.fr\/index.php\/wp-json\/wp\/v2\/comments?post=92"}],"version-history":[{"count":1,"href":"https:\/\/agirensemblepourbeauchamp.fr\/index.php\/wp-json\/wp\/v2\/pages\/92\/revisions"}],"predecessor-version":[{"id":93,"href":"https:\/\/agirensemblepourbeauchamp.fr\/index.php\/wp-json\/wp\/v2\/pages\/92\/revisions\/93"}],"up":[{"embeddable":true,"href":"https:\/\/agirensemblepourbeauchamp.fr\/index.php\/wp-json\/wp\/v2\/pages\/53"}],"wp:featuredmedia":[{"embeddable":true,"href":"https:\/\/agirensemblepourbeauchamp.fr\/index.php\/wp-json\/wp\/v2\/media\/170"}],"wp:attachment":[{"href":"https:\/\/agirensemblepourbeauchamp.fr\/index.php\/wp-json\/wp\/v2\/media?parent=92"}],"curies":[{"name":"wp","href":"https:\/\/api.w.org\/{rel}","templated":true}]}}