{"id":94,"date":"2025-11-29T23:34:32","date_gmt":"2025-11-29T22:34:32","guid":{"rendered":"https:\/\/agirensemblepourbeauchamp.fr\/?page_id=94"},"modified":"2026-02-01T19:14:08","modified_gmt":"2026-02-01T18:14:08","slug":"2020-2026-communication-et-numerique","status":"publish","type":"page","link":"https:\/\/agirensemblepourbeauchamp.fr\/index.php\/bilan-2020-2026\/2020-2026-communication-et-numerique\/","title":{"rendered":"2020 &#8211; 2026 : Communication et num\u00e9rique"},"content":{"rendered":"\n<p>Nous avons fait le choix d&rsquo;un <strong>investissement significatif dans le num\u00e9rique et la communication<\/strong> pour am\u00e9liorer la diffusion de l&rsquo;information et faciliter l&rsquo;acc\u00e8s aux services publics. L&rsquo;objectif principal est d&rsquo;<strong>innover pour renforcer le lien avec la population<\/strong>. La strat\u00e9gie est double : modernisation des supports papier (nouveau magazine municipal) et d\u00e9veloppement intensif des outils num\u00e9riques.<\/p>\n\n\n\n<p>Le principal outil de dialogue est le <strong>nouveau site internet<\/strong> de la ville. Il a \u00e9t\u00e9 con\u00e7u pour \u00eatre un v\u00e9ritable outil de communication avec une <strong>navigation simplifi\u00e9e<\/strong>, facilitant l&rsquo;acc\u00e8s aux d\u00e9marches administratives. Le site est compl\u00e9t\u00e9 par sa <strong>d\u00e9clinaison mobile<\/strong>. Le volet num\u00e9rique s&rsquo;\u00e9tend \u00e0 la participation citoyenne avec le d\u00e9ploiement d&rsquo;une <strong>plateforme participative en ligne<\/strong> (\u00ab Je participe \u00bb) pour les habitants, permettant des sondages et la gestion du budget participatif. De plus, un <strong>r\u00e9seau wifi public<\/strong> a \u00e9t\u00e9 mis en place sur plusieurs b\u00e2timents communaux.<\/p>\n\n\n\n<p>En interne, la municipalit\u00e9 a engag\u00e9 une modernisation du r\u00e9seau t\u00e9l\u00e9phonique et informatique, avec le d\u00e9ploiement de la <strong>fibre optique dans tous les b\u00e2timents communaux<\/strong><sup>0<\/sup>. Dans une d\u00e9marche d&rsquo;innovation, l&rsquo;<strong>Intelligence Artificielle (IA)<\/strong> a \u00e9t\u00e9 introduite pour am\u00e9liorer l&rsquo;efficacit\u00e9 au service des agents de la ville.<\/p>\n\n\n\n<p>L&rsquo;information s&rsquo;est diversifi\u00e9e et d\u00e9mat\u00e9rialis\u00e9e : la ville utilise les <strong>r\u00e9seaux sociaux<\/strong> et a cr\u00e9\u00e9 une <strong>cha\u00eene YouTube<\/strong> pour diffuser des informations et des contenus vid\u00e9o (r\u00e9trospectives de fin d&rsquo;ann\u00e9e, v\u0153ux en vid\u00e9o, annonces culturelles). Des supports d&rsquo;information, comme le guide de la rentr\u00e9e, sont d\u00e9sormais d\u00e9mat\u00e9rialis\u00e9s. Enfin, l&rsquo;<strong>\u00e9quipement des \u00e9coles en outils num\u00e9riques<\/strong> (tableaux, tablettes) a \u00e9t\u00e9 une priorit\u00e9 pour soutenir l&rsquo;action \u00e9ducative.<\/p>\n\n\n\n<h2 class=\"wp-block-heading\"><strong>Chiffres cl\u00e9s<\/strong> et r\u00e9alisations<\/h2>\n\n\n\n<ul class=\"wp-block-list\">\n<li><strong>2 @@ du label \u00ab\u00a0Villes Internet\u00a0\u00bb<\/strong> avec 40 actions num\u00e9riques d\u00e9ploy\u00e9es<\/li>\n\n\n\n<li>Lancement d&rsquo;un <strong>nouveau site internet<\/strong> avec navigation simplifi\u00e9e, con\u00e7u comme un outil de dialogue avec les habitants.<\/li>\n\n\n\n<li>D\u00e9ploiement d&rsquo;une <strong>plateforme participative en ligne<\/strong> pour les habitants.<\/li>\n\n\n\n<li>Introduction de l&rsquo;<strong>Intelligence Artificielle (IA)<\/strong> au service des agents de la ville.<\/li>\n\n\n\n<li>Cr\u00e9ation de <strong>contenus vid\u00e9os<\/strong> (r\u00e9trospectives, v\u0153ux, annonces culturelles) et utilisation de l&rsquo;outil <strong>YouTube<\/strong>.<\/li>\n\n\n\n<li>Mise en place d&rsquo;un <strong>r\u00e9seau wifi public<\/strong> sur plusieurs b\u00e2timents communaux.<\/li>\n\n\n\n<li><strong>100%<\/strong> : D\u00e9ploiement de la <strong>fibre optique<\/strong> dans tous les b\u00e2timents communaux.<\/li>\n<\/ul>\n","protected":false},"excerpt":{"rendered":"<p>Nous avons fait le choix d&rsquo;un investissement significatif dans le num\u00e9rique et la communication pour am\u00e9liorer la diffusion de l&rsquo;information et faciliter l&rsquo;acc\u00e8s aux services publics. L&rsquo;objectif principal est d&rsquo;innover pour renforcer le lien avec la population. La strat\u00e9gie est double : modernisation des supports papier (nouveau magazine municipal) et d\u00e9veloppement intensif des outils num\u00e9riques. [&hellip;]<\/p>\n","protected":false},"author":1,"featured_media":171,"parent":53,"menu_order":0,"comment_status":"closed","ping_status":"closed","template":"","meta":{"footnotes":""},"class_list":["post-94","page","type-page","status-publish","has-post-thumbnail","hentry"],"_links":{"self":[{"href":"https:\/\/agirensemblepourbeauchamp.fr\/index.php\/wp-json\/wp\/v2\/pages\/94","targetHints":{"allow":["GET"]}}],"collection":[{"href":"https:\/\/agirensemblepourbeauchamp.fr\/index.php\/wp-json\/wp\/v2\/pages"}],"about":[{"href":"https:\/\/agirensemblepourbeauchamp.fr\/index.php\/wp-json\/wp\/v2\/types\/page"}],"author":[{"embeddable":true,"href":"https:\/\/agirensemblepourbeauchamp.fr\/index.php\/wp-json\/wp\/v2\/users\/1"}],"replies":[{"embeddable":true,"href":"https:\/\/agirensemblepourbeauchamp.fr\/index.php\/wp-json\/wp\/v2\/comments?post=94"}],"version-history":[{"count":1,"href":"https:\/\/agirensemblepourbeauchamp.fr\/index.php\/wp-json\/wp\/v2\/pages\/94\/revisions"}],"predecessor-version":[{"id":95,"href":"https:\/\/agirensemblepourbeauchamp.fr\/index.php\/wp-json\/wp\/v2\/pages\/94\/revisions\/95"}],"up":[{"embeddable":true,"href":"https:\/\/agirensemblepourbeauchamp.fr\/index.php\/wp-json\/wp\/v2\/pages\/53"}],"wp:featuredmedia":[{"embeddable":true,"href":"https:\/\/agirensemblepourbeauchamp.fr\/index.php\/wp-json\/wp\/v2\/media\/171"}],"wp:attachment":[{"href":"https:\/\/agirensemblepourbeauchamp.fr\/index.php\/wp-json\/wp\/v2\/media?parent=94"}],"curies":[{"name":"wp","href":"https:\/\/api.w.org\/{rel}","templated":true}]}}